{"id":3596,"date":"2025-08-28T21:00:37","date_gmt":"2025-08-28T21:00:37","guid":{"rendered":"https:\/\/balanced-body.lt\/product\/studio-reformer\/"},"modified":"2026-03-20T08:29:43","modified_gmt":"2026-03-20T08:29:43","slug":"studio-reformer","status":"publish","type":"product","link":"https:\/\/balanced-body.lt\/lt\/studio-reformer\/","title":{"rendered":"Studio Reformer"},"content":{"rendered":"<p>\u201eBalanced Body\u201c sukurtas Pilateso \u201eStudio Reformer\u201c jau daugiau nei 40 met\u0173 diktuoja auk\u0161\u010diausios meistri\u0161kumo kokyb\u0117s ir komforto standartus. Jo idealiai lygios briaunos, patraukli bei eleganti\u0161ka i\u0161vaizda ir tylus bei sklandus veikimas peln\u0117 instruktori\u0173 ir naudotoj\u0173 pasitik\u0117jim\u0105 visame pasaulyje. I\u0161 klevo medienos pagamintas \u201eStudio Reformer\u201c \u2013 tai ilgaam\u017ei\u0161kumo ir tvirtumo garantija. \u012erenginiai, kuriuos suk\u016br\u0117me prie\u0161 20 met\u0173, iki \u0161iol veikia nepriekai\u0161tingai, pad\u0117dami atlikti visapusi\u0161kas Pilateso treniruotes ir reabilitacij\u0105.<\/p>\n<p>\u201eBalanced Body\u201c suteikia galimyb\u0119 suprojektuoti ir pritaikyti reformer\u012f pagal individualius poreikius ir reikalavimus. Vert\u0117t\u0173 pasinaudoti bent jau inovatyvia koj\u0173 atrama ar spyruokli\u0173 sistema, kuri\u0105 galima lengvai reguliuoti nepertraukiant treniruot\u0117s eigos ir ritmo. Taip pat galima pasirinkti \u012frenginio auk\u0161t\u012f. Naujausioje versijoje si\u016blomos unikalios pe\u010di\u0173 atramos, kurias galima greitai pritaikyti ir montuoti nenaudojant fiksavimo kai\u0161\u010di\u0173. \u012esitikinkite patys, kod\u0117l garsiausi pasaulyje Pilateso instruktoriai naudoja ir rekomenduoja b\u016btent \u201eStudio Reformer\u201c.<\/p>\n<p>\u201eStudio Reformer\u201c r\u0117mui suteikiama ribota garantija visam naudojimo laikotarpio.<\/p>\n","protected":false},"excerpt":{"rendered":"<p>I\u0161 med\u017eio pagamintas Pilateso reformeris, jau kelis de\u0161imtme\u010dius peln\u0119s specialist\u0173 pasitik\u0117jim\u0105. Jis suteikia pla\u010diausias komponent\u0173 konfig\u016bravimo galimybes, leid\u017eian\u010dias geriausiai pritaikyti \u012frengin\u012f naudotoj\u0173 poreikiams.<\/p>\n<ul>\n<li>Eleganti\u0161kas, ilgaam\u017eis ir tvirtas r\u0117mas, pagamintas i\u0161 klevo medienos su satino apdaila<\/li>\n<li>Galimyb\u0117 rinktis i\u0161 3 tip\u0173 tur\u0117kl\u0173 ir spyruokli\u0173 tvirtinimo sistem\u0173<\/li>\n<li>Nestandartin\u0117 8 ratuk\u0173 sistema, u\u017etikrinanti begars\u012f ir skland\u0173 platformos jud\u0117jim\u0105<\/li>\n<li>Galima rinktis ir \u201eStretch\u201c versij\u0105 (15 cm ilgesnis r\u0117mas)<\/li>\n<li>R\u0117mui taikoma ribota garantija viso naudojimo laikotarpiui<\/li>\n<\/ul>\n","protected":false},"featured_media":3597,"template":"","meta":{"_acf_changed":false,"_kad_post_transparent":"default","_kad_post_title":"","_kad_post_layout":"default","_kad_post_sidebar_id":"","_kad_post_content_style":"default","_kad_post_vertical_padding":"default","_kad_post_feature":"","_kad_post_feature_position":"","_kad_post_header":false,"_kad_post_footer":false,"_kad_post_classname":""},"product_brand":[],"product_cat":[191],"product_tag":[735,736,737],"class_list":{"0":"post-3596","1":"product","2":"type-product","3":"status-publish","4":"has-post-thumbnail","6":"product_cat-pilates-reformers","7":"product_tag-reformer-balanced-body","8":"product_tag-reformer-studio","9":"product_tag-studio-reformer","11":"first","12":"instock","13":"sold-individually","14":"shipping-taxable","15":"product-type-simple","16":"entry","17":"content-bg","18":"loop-entry"},"acf":[],"_links":{"self":[{"href":"https:\/\/balanced-body.lt\/lt\/wp-json\/wp\/v2\/product\/3596","targetHints":{"allow":["GET"]}}],"collection":[{"href":"https:\/\/balanced-body.lt\/lt\/wp-json\/wp\/v2\/product"}],"about":[{"href":"https:\/\/balanced-body.lt\/lt\/wp-json\/wp\/v2\/types\/product"}],"wp:featuredmedia":[{"embeddable":true,"href":"https:\/\/balanced-body.lt\/lt\/wp-json\/wp\/v2\/media\/3597"}],"wp:attachment":[{"href":"https:\/\/balanced-body.lt\/lt\/wp-json\/wp\/v2\/media?parent=3596"}],"wp:term":[{"taxonomy":"product_brand","embeddable":true,"href":"https:\/\/balanced-body.lt\/lt\/wp-json\/wp\/v2\/product_brand?post=3596"},{"taxonomy":"product_cat","embeddable":true,"href":"https:\/\/balanced-body.lt\/lt\/wp-json\/wp\/v2\/product_cat?post=3596"},{"taxonomy":"product_tag","embeddable":true,"href":"https:\/\/balanced-body.lt\/lt\/wp-json\/wp\/v2\/product_tag?post=3596"}],"curies":[{"name":"wp","href":"https:\/\/api.w.org\/{rel}","templated":true}]}}