{"id":3401,"date":"2025-08-29T10:05:11","date_gmt":"2025-08-29T10:05:11","guid":{"rendered":"https:\/\/balanced-body.lt\/product\/rialto-reformer-with-tower\/"},"modified":"2026-03-23T10:08:33","modified_gmt":"2026-03-23T10:08:33","slug":"rialto-reformer-with-tower","status":"publish","type":"product","link":"https:\/\/balanced-body.lt\/lt\/rialto-reformer-with-tower\/","title":{"rendered":"Rialto Reformer with Tower"},"content":{"rendered":"<p>Tai modernus, daugiafunkcis treniruoklis, sukurtas atsi\u017evelgiant \u012f individualias ir grupines treniruotes Pilateso studijose, kuri\u0173 savininkams svarbu i\u0161laikyti \u0161iuolaiki\u0161k\u0105 ir vientis\u0105 interjero stili\u0173. \u201eRialto Reformer\u201c su bok\u0161tu yra daugelio met\u0173 patirties ir \u012frangos gerinimo rezultatas, patobulintas nauju, unikaliu dizainu, siekiant patenkinti net i\u0161rankiausi\u0173 klient\u0173 poreikius.<\/p>\n<p>Komplekt\u0105 sudaro reformeris, bok\u0161tas ir kilim\u0117li\u0173 rinkinys. Pridedamas bok\u0161tas leid\u017eia atlikti pratimus i\u0161 abiej\u0173 pusi\u0173, o taip pat u\u017etikrina skland\u0173, tyl\u0173 ir lengv\u0105 skersini\u0173 bei spyruokli\u0173 reguliavim\u0105. Stabilus kilim\u0117lis u\u017etikrina saugum\u0105 ir komfort\u0105 ilg\u0173 Pilateso treniruo\u010di\u0173 metu, o patvari ir tvirta apmu\u0161al\u0173 med\u017eiaga atlaiko intensyv\u0173 naudojim\u0105.<\/p>\n<p>\u012erenginys sukurtas treniruot\u0117ms pri\u017ei\u016brint treneriams ir terapeutams studijose bei kabinetuose, ta\u010diau d\u0117l tylaus veikimo ir paprasto valdymo, jis puikiai tinka ir erdvesni\u0173 nam\u0173 aplinkai. Komplekte esantys kilim\u0117liai gali b\u016bti naudojami ne tik pratimams ant reformerio \u2013 jie greitai ir lengvai montuojami ne tik prie jo r\u0117mo, bet ir ant grind\u0173.<\/p>\n<p>\u201eRialto Reformer with Tower\u201c r\u0117mui ir bok\u0161tui suteikiama ribota 5 met\u0173 garantija.<\/p>\n","protected":false},"excerpt":{"rendered":"<p>Sukurtas taip, kad viename sujungt\u0173 reformerio, kilim\u0117lio ir bok\u0161to (tower) funkcijas. I\u0161skirtinio dizaino ir universalus treniruoklis, leid\u017eiantis dirbti \u012fvairiose plok\u0161tumose i\u0161 abiej\u0173 bok\u0161to pusi\u0173, su galimybe individualiai pritaikyti pasiprie\u0161inimo j\u0117g\u0105.<\/p>\n<ul>\n<li>Komplekt\u0105 sudaro reformeris su kilim\u0117liu bei stabilus bok\u0161tas<\/li>\n<li>Tvirtas, rank\u0173 darbo r\u0117mas i\u0161 klevo medienos, su aliuminio kojel\u0117mis<\/li>\n<li>Ve\u017eim\u0117lis, u\u017etikrinantis tyl\u0173 ir skland\u0173 jud\u0117jim\u0105<\/li>\n<li>Saugius tur\u0117klas su 5 reguliavimo pad\u0117timis<\/li>\n<li>Stabilus bok\u0161tas su 29 spyruokli\u0173 tvirtinimo ta\u0161kais, suteikiantis beveik neribotas konfig\u016bracijos galimybes<\/li>\n<li>Sm\u016bgius sugeriantis, stabilus kilim\u0117lis, susidedantis i\u0161 dviej\u0173 dali\u0173, pritaikytas reformerio r\u0117mui<\/li>\n<li>R\u0117mui ir bok\u0161tui suteikiama ribota 5 met\u0173 garantija<\/li>\n<\/ul>\n","protected":false},"featured_media":3402,"template":"","meta":{"_acf_changed":false,"_kad_post_transparent":"default","_kad_post_title":"","_kad_post_layout":"default","_kad_post_sidebar_id":"","_kad_post_content_style":"default","_kad_post_vertical_padding":"default","_kad_post_feature":"","_kad_post_feature_position":"","_kad_post_header":false,"_kad_post_footer":false,"_kad_post_classname":""},"product_brand":[],"product_cat":[192],"product_tag":[656,657,658],"class_list":{"0":"post-3401","1":"product","2":"type-product","3":"status-publish","4":"has-post-thumbnail","6":"product_cat-pilates-reformers-with-tower","7":"product_tag-rialto-reformer-tower","8":"product_tag-rialto-reformer-with-tower","9":"product_tag-rialto-reformer-with-tower-balanced-body","11":"first","12":"instock","13":"sold-individually","14":"shipping-taxable","15":"product-type-simple","16":"entry","17":"content-bg","18":"loop-entry"},"acf":[],"_links":{"self":[{"href":"https:\/\/balanced-body.lt\/lt\/wp-json\/wp\/v2\/product\/3401","targetHints":{"allow":["GET"]}}],"collection":[{"href":"https:\/\/balanced-body.lt\/lt\/wp-json\/wp\/v2\/product"}],"about":[{"href":"https:\/\/balanced-body.lt\/lt\/wp-json\/wp\/v2\/types\/product"}],"wp:featuredmedia":[{"embeddable":true,"href":"https:\/\/balanced-body.lt\/lt\/wp-json\/wp\/v2\/media\/3402"}],"wp:attachment":[{"href":"https:\/\/balanced-body.lt\/lt\/wp-json\/wp\/v2\/media?parent=3401"}],"wp:term":[{"taxonomy":"product_brand","embeddable":true,"href":"https:\/\/balanced-body.lt\/lt\/wp-json\/wp\/v2\/product_brand?post=3401"},{"taxonomy":"product_cat","embeddable":true,"href":"https:\/\/balanced-body.lt\/lt\/wp-json\/wp\/v2\/product_cat?post=3401"},{"taxonomy":"product_tag","embeddable":true,"href":"https:\/\/balanced-body.lt\/lt\/wp-json\/wp\/v2\/product_tag?post=3401"}],"curies":[{"name":"wp","href":"https:\/\/api.w.org\/{rel}","templated":true}]}}