{"id":3389,"date":"2025-08-29T10:05:31","date_gmt":"2025-08-29T10:05:31","guid":{"rendered":"https:\/\/balanced-body.lt\/product\/studio-reformer-with-tower\/"},"modified":"2026-03-23T09:15:45","modified_gmt":"2026-03-23T09:15:45","slug":"studio-reformer-with-tower","status":"publish","type":"product","link":"https:\/\/balanced-body.lt\/lt\/studio-reformer-with-tower\/","title":{"rendered":"Studio Reformer with Tower"},"content":{"rendered":"<p>Reformeris, bok\u0161tas ir kilim\u0117lis \u2013 tai unikalus Pilateso metodikos treniruokli\u0173 komplektas, u\u017eimantis ne daugiau vietos nei pats reformeris. Tai patikrintas sprendimas, idealiai tinkantis ma\u017eoms studijoms ar nam\u0173 erdv\u0117ms, leid\u017eiantis atlikti \u012fvairiapuses treniruotes bei dirbti keliose plok\u0161tumose, \u012ftraukiant viso k\u016bno raumenis.<\/p>\n<p>Jo pagrindas \u2013 daugiau nei 40 met\u0173 nepertraukiamai gaminamas \u201eStudio Reformer\u201c, peln\u0119s profesional\u0173 pasitik\u0117jim\u0105 visame pasaulyje. Jis pagamintas i\u0161 patvarios klevo medienos ir u\u017etikrina skland\u0173 bei begars\u012f veikim\u0105. Jo derinys su tvirtu ner\u016bdijan\u010dio plieno bok\u0161tu (pus\u0117s trapecijos r\u0117mu) gerokai i\u0161ple\u010dia treniruo\u010di\u0173 ar terapijos plan\u0105 ir leid\u017eia atlikti daugum\u0105 pratim\u0173, kurie iki \u0161iol buvo \u012fmanomi tik ant \u201eCadillac\u201c \u012frangos. Komplekt\u0105 papildo abiejose bok\u0161to pus\u0117se naudojamas kilim\u0117lis. Jis ne tik yra idealiai pritaikytas reformerio r\u0117mui &#8211; j\u012f nu\u0117mus ir pad\u0117jus, pvz., ant grind\u0173, galima sukurti stabili\u0105 treniruo\u010di\u0173 platform\u0105.<\/p>\n<p>\u201eStudio Reformer\u201c su bok\u0161tu suteikia naudotojams dar daugiau universalumo, galimyb\u0119 taikyti visi\u0161kai naujas, \u012fvairipuses treniruo\u010di\u0173 programas bei efektyviai i\u0161naudoti turim\u0105 erdv\u0119.<\/p>\n<p>\u201eStudio Reformer with Tower\u201c suteikiama ribota garantija r\u0117mui viso naudojimo laikotarpiui ir 10 met\u0173 ribota garantija bok\u0161tui.<\/p>\n","protected":false},"excerpt":{"rendered":"<p>\u012evairiapusis ir universalus Pilateso pus\u0117s trapecijos r\u0117mo treniruoklis, sukurtas profesionalioms grupin\u0117ms treniruot\u0117ms bei individualiems pratimams. Jis apjungia \u201eStudio Reformer\u201c funkcijas su bok\u0161tu ir pratimams skirtu kilim\u0117liu.<\/p>\n<ul>\n<li>Komplekt\u0105 sudaro \u201eStudio Reformer\u201c, bok\u0161tas ir kilim\u0117lis<\/li>\n<li>Patvarus r\u0117mas i\u0161 klevo medienos su satino apdaila<\/li>\n<li>Sklandus ir begarsis ve\u017eim\u0117lio jud\u0117jimas d\u0117l vientisos b\u0117gio konstrukcijos ir nestandartin\u0117s 8 ratuk\u0173 sistemos<\/li>\n<li>Galima rinktis i\u0161 2 r\u016b\u0161i\u0173 tur\u0117kl\u0173 ir spyruokli\u0173 tvirtinimo sistem\u0173<\/li>\n<li>I\u0161 ner\u016bdijan\u010dio plieno pagamintas stabilus bok\u0161tas su 35 spyruokli\u0173 tvirtinimo ta\u0161kais<\/li>\n<li>Dviej\u0173 dali\u0173, lengvai montuojamas kilim\u0117lis, pritaikytas reformerio ilgiui<\/li>\n<li>Ribota garantija r\u0117mui visam naudojimo laikotarpiui ir 10 met\u0173 ribota garantija bok\u0161tui<\/li>\n<\/ul>\n","protected":false},"featured_media":3391,"template":"","meta":{"_acf_changed":false,"_kad_post_transparent":"default","_kad_post_title":"","_kad_post_layout":"default","_kad_post_sidebar_id":"","_kad_post_content_style":"default","_kad_post_vertical_padding":"default","_kad_post_feature":"","_kad_post_feature_position":"","_kad_post_header":false,"_kad_post_footer":false,"_kad_post_classname":""},"product_brand":[],"product_cat":[192],"product_tag":[643,644],"class_list":{"0":"post-3389","1":"product","2":"type-product","3":"status-publish","4":"has-post-thumbnail","6":"product_cat-pilates-reformers-with-tower","7":"product_tag-studio-reformer-tower","8":"product_tag-studio-reformer-with-tower","10":"first","11":"instock","12":"sold-individually","13":"shipping-taxable","14":"product-type-simple","15":"entry","16":"content-bg","17":"loop-entry"},"acf":[],"_links":{"self":[{"href":"https:\/\/balanced-body.lt\/lt\/wp-json\/wp\/v2\/product\/3389","targetHints":{"allow":["GET"]}}],"collection":[{"href":"https:\/\/balanced-body.lt\/lt\/wp-json\/wp\/v2\/product"}],"about":[{"href":"https:\/\/balanced-body.lt\/lt\/wp-json\/wp\/v2\/types\/product"}],"wp:featuredmedia":[{"embeddable":true,"href":"https:\/\/balanced-body.lt\/lt\/wp-json\/wp\/v2\/media\/3391"}],"wp:attachment":[{"href":"https:\/\/balanced-body.lt\/lt\/wp-json\/wp\/v2\/media?parent=3389"}],"wp:term":[{"taxonomy":"product_brand","embeddable":true,"href":"https:\/\/balanced-body.lt\/lt\/wp-json\/wp\/v2\/product_brand?post=3389"},{"taxonomy":"product_cat","embeddable":true,"href":"https:\/\/balanced-body.lt\/lt\/wp-json\/wp\/v2\/product_cat?post=3389"},{"taxonomy":"product_tag","embeddable":true,"href":"https:\/\/balanced-body.lt\/lt\/wp-json\/wp\/v2\/product_tag?post=3389"}],"curies":[{"name":"wp","href":"https:\/\/api.w.org\/{rel}","templated":true}]}}