{"id":3084,"date":"2025-08-29T10:16:42","date_gmt":"2025-08-29T10:16:42","guid":{"rendered":"https:\/\/balanced-body.lt\/product\/wall-tower\/"},"modified":"2026-03-20T10:00:34","modified_gmt":"2026-03-20T10:00:34","slug":"wall-tower","status":"publish","type":"product","link":"https:\/\/balanced-body.lt\/lt\/wall-tower\/","title":{"rendered":"Wall Tower"},"content":{"rendered":"<p>Nepaisant kompakti\u0161ko dyd\u017eio, \u201eWall Tower\u201c suteikia daugum\u0105 \u201eTrapeze Table\u201c treniruo\u010di\u0173 galimybi\u0173. J\u012f galima naudoti atliekant \u012fvairius pratimus ant grind\u0173 (naudojant tradicin\u012f arba paauk\u0161tint\u0105 kilim\u0117l\u012f), taip pat derinamas su bet kokio auk\u0161\u010dio reformeriu, taip i\u0161ple\u010diant ir pa\u012fvairinant Pilateso treniruotes.<\/p>\n<p>Auk\u0161tas, stabilus, tvirtai prie sienos ir grind\u0173 tvirtinamas bok\u0161to r\u0117mas u\u017etikrina maksimal\u0173 naudotoj\u0173 ir instruktori\u0173 saugum\u0105. \u0160is ekonomi\u0161kas sprendimas puikiai tinka tiek grupin\u0117ms, tiek individualioms treniruot\u0117ms.<\/p>\n<p>\u201eWall Tower\u201c bok\u0161tas komplektuojamas su kilpomis, spyruokl\u0117mis ir skersiniais, montuojamais tam tikruose r\u0117mo ta\u0161kuose. Tokiu b\u016bdu galima pa\u012fvairinti treniruotes ir pritaikyti jas naudotoj\u0173 poreikiams bei galimyb\u0117ms, \u012fskaitant asmenis, kuriems reikalinga reabilitacija ar terapija. Be to, unikali \u0161onin\u0117 slankiojan\u010dio skersinio sistema leid\u017eia laisvai keisti jo pad\u0117t\u012f, pritaikant j\u012f prie naudotoj\u0173 poreiki\u0173 ir bet koki\u0173 matmen\u0173 kilim\u0117lio ar reformerio auk\u0161\u010dio.<\/p>\n<p>\u201eWall Tower\u201c \u012frenginiui suteikiama ribota 10 met\u0173 gamintojo garantija.<\/p>\n","protected":false},"excerpt":{"rendered":"<p>\u0160is bok\u0161tas atitinka beveik vis\u0105 \u201eTrapeze Table\u201c funkcionalum\u0105 \u2013 ekonomi\u0161ka ir kompakti\u0161ka forma. Saugiu b\u016bdu tvirtinamas ir nedaug vietos u\u017eimantis bok\u0161tas &#8211; tai lankstus ir patogus sprendimas net ir ma\u017eiausioms Pilateso studijoms.<\/p>\n<ul>\n<li>Tvirtas ir saugus r\u0117mas i\u0161 ner\u016bdijan\u010dio plieno<\/li>\n<li>Slankiojantis PTB (\u201ePush-Through Bar\u201c) skersinis su galimybe greitai ir lengvai reguliuoti auk\u0161t\u012f 8 lygiais<\/li>\n<li>Tylus ir sklandus judan\u010di\u0173 bok\u0161to dali\u0173 veikimas<\/li>\n<li>Bok\u0161t\u0105 galima pritaikyti prie skirtingo auk\u0161\u010dio pagrindo<\/li>\n<li>Papildomi priedai (pasirinktinai): auk\u0161tas ir patvarus kilim\u0117lis (platforma) bei \u201eMoon Box\u201c d\u0117\u017e\u0117<\/li>\n<li>Suteikiama 10 met\u0173 ribota gamintojo garantija<\/li>\n<\/ul>\n","protected":false},"featured_media":3086,"template":"","meta":{"_acf_changed":false,"_kad_post_transparent":"default","_kad_post_title":"","_kad_post_layout":"default","_kad_post_sidebar_id":"","_kad_post_content_style":"default","_kad_post_vertical_padding":"default","_kad_post_feature":"","_kad_post_feature_position":"","_kad_post_header":false,"_kad_post_footer":false,"_kad_post_classname":""},"product_brand":[],"product_cat":[193],"product_tag":[453,454],"class_list":{"0":"post-3084","1":"product","2":"type-product","3":"status-publish","4":"has-post-thumbnail","6":"product_cat-pilates-towers","7":"product_tag-wall-tower","8":"product_tag-wall-tower-balanced-body-wall-tower-pilates","10":"first","11":"instock","12":"sold-individually","13":"shipping-taxable","14":"product-type-simple","15":"entry","16":"content-bg","17":"loop-entry"},"acf":[],"_links":{"self":[{"href":"https:\/\/balanced-body.lt\/lt\/wp-json\/wp\/v2\/product\/3084","targetHints":{"allow":["GET"]}}],"collection":[{"href":"https:\/\/balanced-body.lt\/lt\/wp-json\/wp\/v2\/product"}],"about":[{"href":"https:\/\/balanced-body.lt\/lt\/wp-json\/wp\/v2\/types\/product"}],"wp:featuredmedia":[{"embeddable":true,"href":"https:\/\/balanced-body.lt\/lt\/wp-json\/wp\/v2\/media\/3086"}],"wp:attachment":[{"href":"https:\/\/balanced-body.lt\/lt\/wp-json\/wp\/v2\/media?parent=3084"}],"wp:term":[{"taxonomy":"product_brand","embeddable":true,"href":"https:\/\/balanced-body.lt\/lt\/wp-json\/wp\/v2\/product_brand?post=3084"},{"taxonomy":"product_cat","embeddable":true,"href":"https:\/\/balanced-body.lt\/lt\/wp-json\/wp\/v2\/product_cat?post=3084"},{"taxonomy":"product_tag","embeddable":true,"href":"https:\/\/balanced-body.lt\/lt\/wp-json\/wp\/v2\/product_tag?post=3084"}],"curies":[{"name":"wp","href":"https:\/\/api.w.org\/{rel}","templated":true}]}}