{"id":3039,"date":"2025-08-29T10:17:39","date_gmt":"2025-08-29T10:17:39","guid":{"rendered":"https:\/\/balanced-body.lt\/product\/centerline-pole-system\/"},"modified":"2026-03-20T10:03:20","modified_gmt":"2026-03-20T10:03:20","slug":"centerline-pole-system","status":"publish","type":"product","link":"https:\/\/balanced-body.lt\/lt\/centerline-pole-system\/","title":{"rendered":"CenterLine Pole System"},"content":{"rendered":"<p>I\u0161skirtinis treniruo\u010di\u0173 \u012frankis. Tikslinga ir prakti\u0161ka \u201ePole System\u201c sistema, sukurta remiantis originaliais komponent\u0173 matmenimis bendradarbiaujant su Amy Taylor Alpers ir Rachel Taylor Segel i\u0161 \u201eThe Pilates Center\u201c (Bolderis, Kolorado). \u201eCenterLine Pole System\u201c leid\u017eia atlikti daugyb\u0119 \u201eCadillac\u201c repertuaro pratim\u0173, suteikdama Pilateso treniruot\u0117ms visapusi\u0161kumo.<\/p>\n<p>Sukurta kaip funkcionali ir prieinama \u201eCadillac\u201c \u012frenginiui, \u201eCenterLine Pole System\u201c buvo kruop\u0161\u010diai i\u0161bandyta, siekiant u\u017etikrinti jos na\u0161um\u0105, patvarum\u0105 ir ilgaam\u017ei\u0161kum\u0105. Rank\u0173 darbo ner\u016bdijan\u010dio plieno r\u0117mas yra malonus liesti, lengvai pri\u017ei\u016brimas bei atsparus \u012fbr\u0117\u017eimams, korozijai, spalvos pakitimams ar pavir\u0161iaus pa\u017eeidimams.<\/p>\n<p>Slankiojantis skersinis yra greitai reguliuojamas per vis\u0105 bok\u0161to auk\u0161t\u012f, tod\u0117l n\u0117ra sud\u0117tinga pritaikyti \u012frenginio parametrus. Tai palengvina jo naudojim\u0105 tiek ant grind\u0173, tiek ant pakelt\u0173 kilim\u0117li\u0173 ar bet kokio auk\u0161\u010dio reformeri\u0173. \u201eCenterLine Pole System\u201c galima \u012fsigyti kaip atskir\u0105 produkt\u0105 arba rinkinyje su pamink\u0161tintu kilim\u0117liu bei \u201eMoon Boxes\u201c d\u0117\u017e\u0117mis, taip sukuriant visapusi\u0161k\u0105 sprendim\u0105.<\/p>\n<p>\u201eCenterLine Pole System\u201c b\u016btina pritvirtinti prie sienos, ar prie grind\u0173. Komplekte yra var\u017etai, skirti montavimui prie medini\u0173 grind\u0173 ir sienos. Jei j\u016bs\u0173 grind\u0173 danga n\u0117ra medin\u0117, reikiamus tvirtinimo elementus turite \u012fsigyti atskirai, geriausia \u2013 vietin\u0117je statybini\u0173 preki\u0173 parduotuv\u0117je.<\/p>\n<p>Pasiruo\u0161\u0119 savo praktikos augimui? \u201eCenterLine Pole System\u201c suteiks jums universalumo, kurio ie\u0161kote!<\/p>\n","protected":false},"excerpt":{"rendered":"<p>\u201eCenterLine Pole System\u201c \u2013 tai funkcionali alternatyva \u201eCadillac\u201c treniruokliui. Sistema sukurta bendradarbiaujant su Amy Taylor Alpers ir Rachel Taylor Segel i\u0161 \u201eThe Pilates Center\u201c (Bolderis, Koloradas), siekiant u\u017etikrinti autenti\u0161k\u0105 i\u0161vaizd\u0105 ir funkcionalum\u0105. Rank\u0173 darbo ner\u016bdijan\u010dio plieno r\u0117mas yra lygus, atsparus \u012fbr\u0117\u017eimams ir korozijai. \u012eranga lengvai montuojama tiek prie sienos, tiek prie grind\u0173. J\u0105 galima \u012fsigyti atskirai arba komplekte su kilim\u0117liu bei \u201eMoon Boxes\u201c d\u0117\u017e\u0117mis.<\/p>\n<ul>\n<li>Bok\u0161tas, montuojamas prie sienos arba grind\u0173<\/li>\n<li>Kompakti\u0161kas dydis, alternatyva \u201eCadillac\u201c \u012frenginiui<\/li>\n<li>Stabili ner\u016bdijan\u010dio plieno konstrukcija, dydis \u2013 69 x 226 cm<\/li>\n<li>Skersini\u0173 sistema su 23 tvirtinimo ta\u0161kais<\/li>\n<li>8 \u201eBalanced Body Signature Springs\u201c spyruokli\u0173, tvirtinam\u0173 karabinais komplektas<\/li>\n<li>Tinka pratimams ant grind\u0173, pakelt\u0173 kilim\u0117li\u0173 ir reformeri\u0173<\/li>\n<\/ul>\n","protected":false},"featured_media":3041,"template":"","meta":{"_acf_changed":false,"_kad_post_transparent":"default","_kad_post_title":"","_kad_post_layout":"default","_kad_post_sidebar_id":"","_kad_post_content_style":"default","_kad_post_vertical_padding":"default","_kad_post_feature":"","_kad_post_feature_position":"","_kad_post_header":false,"_kad_post_footer":false,"_kad_post_classname":""},"product_brand":[],"product_cat":[193],"product_tag":[308,425],"class_list":{"0":"post-3039","1":"product","2":"type-product","3":"status-publish","4":"has-post-thumbnail","6":"product_cat-pilates-towers","7":"product_tag-balanced-body","8":"product_tag-centerline-pole-system","10":"first","11":"instock","12":"sold-individually","13":"shipping-taxable","14":"product-type-simple","15":"entry","16":"content-bg","17":"loop-entry"},"acf":[],"_links":{"self":[{"href":"https:\/\/balanced-body.lt\/lt\/wp-json\/wp\/v2\/product\/3039","targetHints":{"allow":["GET"]}}],"collection":[{"href":"https:\/\/balanced-body.lt\/lt\/wp-json\/wp\/v2\/product"}],"about":[{"href":"https:\/\/balanced-body.lt\/lt\/wp-json\/wp\/v2\/types\/product"}],"wp:featuredmedia":[{"embeddable":true,"href":"https:\/\/balanced-body.lt\/lt\/wp-json\/wp\/v2\/media\/3041"}],"wp:attachment":[{"href":"https:\/\/balanced-body.lt\/lt\/wp-json\/wp\/v2\/media?parent=3039"}],"wp:term":[{"taxonomy":"product_brand","embeddable":true,"href":"https:\/\/balanced-body.lt\/lt\/wp-json\/wp\/v2\/product_brand?post=3039"},{"taxonomy":"product_cat","embeddable":true,"href":"https:\/\/balanced-body.lt\/lt\/wp-json\/wp\/v2\/product_cat?post=3039"},{"taxonomy":"product_tag","embeddable":true,"href":"https:\/\/balanced-body.lt\/lt\/wp-json\/wp\/v2\/product_tag?post=3039"}],"curies":[{"name":"wp","href":"https:\/\/api.w.org\/{rel}","templated":true}]}}