{"id":2981,"date":"2025-08-29T10:50:25","date_gmt":"2025-08-29T10:50:25","guid":{"rendered":"https:\/\/balanced-body.lt\/product\/contrology-box\/"},"modified":"2026-03-12T13:14:33","modified_gmt":"2026-03-12T13:14:33","slug":"contrology-box","status":"publish","type":"product","link":"https:\/\/balanced-body.lt\/lt\/contrology-box\/","title":{"rendered":"Contrology Box"},"content":{"rendered":"<p>\u201eContrology Box\u201c \u2013 tai pratim\u0173 d\u0117\u017e\u0117, skirta reformeriui. Ji buvo sukonstruota skiriant d\u0117mes\u012f smulkiausioms detal\u0117ms, kad b\u016bt\u0173 atkurta autenti\u0161ka originali\u0173 Pilateso prietais\u0173 i\u0161vaizda bei stilius, o naudotojams suteikiami tokie patys poj\u016b\u010diai, kaip ir dirbant su paties J. Pilateso sukurtais \u012frenginiais. Ji puikiai papildo Pilateso studijas, kuriose naudojami klasikiniai reformeriai ir atveria naujas treniruo\u010di\u0173 galimybes.<\/p>\n<p>D\u0117\u017e\u0117 (Box) leid\u017eia pa\u012fvairinti darb\u0105 ir \u012ftraukti visi\u0161kai nauj\u0173 element\u0173. Ji pirmiausia skirta pratimams gulint ant pilvo bei s\u0117dint, kurie stiprina ir tempia raumenis.<\/p>\n<p>\u0160i klasikin\u0117 d\u0117\u017e\u0117 pagaminta i\u0161 patvari\u0173 med\u017eiag\u0173 \u2013 medin\u0117 konstrukcija padengta idealiai pritaikytomis (19,05 mm storio) didelio tankio putomis. D\u0117\u017e\u0117 suteikia puiki\u0105 atram\u0105 stuburui. Tai i\u0161\u0161\u016bkis ir autenti\u0161ka patirtis naudotojams. \u201eContrology Box\u201c taip pat turi metalines rankenas, kurios palengvina d\u0117\u017e\u0117s ne\u0161iojim\u0105 ir transportavim\u0105. Ji aptraukta patvariu juodu apmu\u0161alu, kur\u012f lengva pri\u017ei\u016br\u0117ti.<\/p>\n","protected":false},"excerpt":{"rendered":"<p>Klasikin\u0117, mink\u0161ta \u201eContrology\u201c serijos d\u0117\u017e\u0117 (Sitting Box) yra nepakei\u010diamas reformerio priedas, i\u0161ple\u010diantis pratim\u0173 spektr\u0105. Be savo originalios i\u0161vaizdos ir stiliaus, ji u\u017etikrina autenti\u0161kus treniruot\u0117s poj\u016b\u010dius.<\/p>\n<ul>\n<li>Skirta \u201eContrology Reformer\u201c treniruokliui<\/li>\n<li>Tiksliai atkuria original\u0173 dizain\u0105 ir u\u017etikrina autenti\u0161kus poj\u016b\u010dius<\/li>\n<li>Leid\u017eia i\u0161pl\u0117sti klasikin\u0119 treniruot\u0119 ant reformerio<\/li>\n<li>Naudojama pratimams gulint ant pilvo bei s\u0117dint<\/li>\n<li>Turi dvi metalines rankenas patogiam perne\u0161imui<\/li>\n<li>Apmu\u0161alas i\u0161 tanki\u0173, gan kiet\u0173 put\u0173<\/li>\n<li>Juodas, lengvai valomas apmu\u0161alas<\/li>\n<\/ul>\n","protected":false},"featured_media":8504,"template":"","meta":{"_acf_changed":false,"_kad_post_transparent":"default","_kad_post_title":"","_kad_post_layout":"default","_kad_post_sidebar_id":"","_kad_post_content_style":"default","_kad_post_vertical_padding":"default","_kad_post_feature":"","_kad_post_feature_position":"","_kad_post_header":false,"_kad_post_footer":false,"_kad_post_classname":""},"product_brand":[],"product_cat":[188,181],"product_tag":[791,416,792],"class_list":{"0":"post-2981","1":"product","2":"type-product","3":"status-publish","4":"has-post-thumbnail","6":"product_cat-contrology-accessories","7":"product_cat-sitting-boxes","8":"product_tag-box-contrology","9":"product_tag-contrology","10":"product_tag-contrology-box","12":"first","13":"instock","14":"sold-individually","15":"shipping-taxable","16":"product-type-simple","17":"entry","18":"content-bg","19":"loop-entry"},"acf":[],"_links":{"self":[{"href":"https:\/\/balanced-body.lt\/lt\/wp-json\/wp\/v2\/product\/2981","targetHints":{"allow":["GET"]}}],"collection":[{"href":"https:\/\/balanced-body.lt\/lt\/wp-json\/wp\/v2\/product"}],"about":[{"href":"https:\/\/balanced-body.lt\/lt\/wp-json\/wp\/v2\/types\/product"}],"wp:featuredmedia":[{"embeddable":true,"href":"https:\/\/balanced-body.lt\/lt\/wp-json\/wp\/v2\/media\/8504"}],"wp:attachment":[{"href":"https:\/\/balanced-body.lt\/lt\/wp-json\/wp\/v2\/media?parent=2981"}],"wp:term":[{"taxonomy":"product_brand","embeddable":true,"href":"https:\/\/balanced-body.lt\/lt\/wp-json\/wp\/v2\/product_brand?post=2981"},{"taxonomy":"product_cat","embeddable":true,"href":"https:\/\/balanced-body.lt\/lt\/wp-json\/wp\/v2\/product_cat?post=2981"},{"taxonomy":"product_tag","embeddable":true,"href":"https:\/\/balanced-body.lt\/lt\/wp-json\/wp\/v2\/product_tag?post=2981"}],"curies":[{"name":"wp","href":"https:\/\/api.w.org\/{rel}","templated":true}]}}