{"id":2961,"date":"2025-08-29T10:51:01","date_gmt":"2025-08-29T10:51:01","guid":{"rendered":"https:\/\/balanced-body.lt\/product\/contrology-neck-stretcher\/"},"modified":"2026-03-12T13:09:16","modified_gmt":"2026-03-12T13:09:16","slug":"contrology-neck-stretcher","status":"publish","type":"product","link":"https:\/\/balanced-body.lt\/lt\/contrology-neck-stretcher\/","title":{"rendered":"Contrology Neck Stretcher"},"content":{"rendered":"<p>B\u016bdamas boksininkas ir gimnastas, Josephas Pilatesas ypating\u0105 d\u0117mes\u012f skyr\u0117 nugaros bei stuburo raumen\u0173 stiprinimui bei tempimui. Jis suprojektavo ir suk\u016br\u0117 papildom\u0105 \u012frang\u0105, kuri leid\u017eia atlikti pa\u017eangius kaklo bei nugaros raumen\u0173 pratimus dirbant su \u201eCadillac\u201c \u012franga. \u201eContrology Neck Stretcher\u201c yra idealus \u0161io originalaus projekto atitikmuo, kuris i\u0161pl\u0117s ir pa\u012fvairins labiausiai patyrusi\u0173 Pilateso metodo praktik\u0173 treniruotes.<\/p>\n<p>\u201eContrology Neck Stretcher\u201c pagamintas i\u0161 auk\u0161\u010diausios kokyb\u0117s, patvaraus ir atsparaus ner\u016bdijan\u010dio cinkuoto plieno, u\u017etikrinan\u010dio ilgaam\u017ei\u0161kum\u0105 bei tvirtum\u0105. \u0160is \u201eBalanced Body\u201c sukurtas prietaisas yra vienintelis rinkoje, turintis nuimam\u0105 medvilnin\u012f galvos dir\u017eel\u012f, kuris leid\u017eia lengvai palaikyti \u0161var\u0105 ir higien\u0105.<\/p>\n<p>\u201eContrology Neck Stretcher\u201c spyruokl\u0117 pasi\u017eymi itin dideliu pasiprie\u0161inimu, atlaikan\u010diu net pa\u010dias intensyviausias treniruotes. \u0160is prietaisas sukurtas pa\u017eengusiems ir patyrusiems asmenims, kurie Pilateso metod\u0105 praktikuoja jau daugel\u012f met\u0173.<\/p>\n<p>Treniruo\u010di\u0173 su \u201eContrology Neck Stretcher\u201c tikslas \u2013 stiprinti ir tempti kaklo, nugaros bei stuburo raumenis, u\u017etikrinant j\u0173 stabilizavim\u0105. Tai suteikia ilgalaik\u012f poveik\u012f i\u0161laikant taisykling\u0105 k\u016bno laikysen\u0105. Be to, \u0161is prietaisas leid\u017eia atpalaiduoti vir\u0161utin\u0117s stuburo dalies, kaklo sprando \u012ftamp\u0105, atsiradusi\u0105 d\u0117l \u0161iuolaikinio gyvenimo b\u016bdo.<\/p>\n<p>\u201eContrology Neck Stretcher\u201c suteikiama ribota nuolatin\u0117 garantija.<\/p>\n","protected":false},"excerpt":{"rendered":"<p>Sukurtas atsi\u017evelgiant \u012f pa\u017eangiausi\u0173 \u201eContrology Cadillac\u201c naudotoj\u0173 poreikius. Jo dizainas idealiai atkuria kaklo ir vir\u0161utin\u0117s nugaros dalies raumen\u0173 treniruokl\u012f, sukurt\u0105 paties Josepho Pilateso<\/p>\n<ul>\n<li>Stiprina ir tempia kaklo raumenis<\/li>\n<li>Ma\u017eina \u012ftamp\u0105 bei stiprina kaklo, nugaros bei stuburo raumenis<\/li>\n<li>Gerina k\u016bno laikysen\u0105, galvos bei kaklo pad\u0117t\u012f, stabilizuoja stubur\u0105<\/li>\n<li>Lengvai valomas<\/li>\n<li>Nuimamas dir\u017eelis, pagamintas i\u0161 mink\u0161tos ir patvarios medviln\u0117s<\/li>\n<li>Ilgaam\u017e\u0117, itin didelio pasiprie\u0161inimo spyruokl\u0117<\/li>\n<li>Skirta profesionaliam naudojimui treniruot\u0117se su \u201eContrology Cadillac\u201c<\/li>\n<li>Ribota viso naudojimo trukm\u0117s garantija<\/li>\n<\/ul>\n","protected":false},"featured_media":2962,"template":"","meta":{"_acf_changed":false,"_kad_post_transparent":"default","_kad_post_title":"","_kad_post_layout":"default","_kad_post_sidebar_id":"","_kad_post_content_style":"default","_kad_post_vertical_padding":"default","_kad_post_feature":"","_kad_post_feature_position":"","_kad_post_header":false,"_kad_post_footer":false,"_kad_post_classname":""},"product_brand":[],"product_cat":[188],"product_tag":[416,827,828],"class_list":{"0":"post-2961","1":"product","2":"type-product","3":"status-publish","4":"has-post-thumbnail","6":"product_cat-contrology-accessories","7":"product_tag-contrology","8":"product_tag-contrology-neck-stretcher","9":"product_tag-neck-stretcher","11":"first","12":"instock","13":"sold-individually","14":"shipping-taxable","15":"product-type-simple","16":"entry","17":"content-bg","18":"loop-entry"},"acf":[],"_links":{"self":[{"href":"https:\/\/balanced-body.lt\/lt\/wp-json\/wp\/v2\/product\/2961","targetHints":{"allow":["GET"]}}],"collection":[{"href":"https:\/\/balanced-body.lt\/lt\/wp-json\/wp\/v2\/product"}],"about":[{"href":"https:\/\/balanced-body.lt\/lt\/wp-json\/wp\/v2\/types\/product"}],"wp:featuredmedia":[{"embeddable":true,"href":"https:\/\/balanced-body.lt\/lt\/wp-json\/wp\/v2\/media\/2962"}],"wp:attachment":[{"href":"https:\/\/balanced-body.lt\/lt\/wp-json\/wp\/v2\/media?parent=2961"}],"wp:term":[{"taxonomy":"product_brand","embeddable":true,"href":"https:\/\/balanced-body.lt\/lt\/wp-json\/wp\/v2\/product_brand?post=2961"},{"taxonomy":"product_cat","embeddable":true,"href":"https:\/\/balanced-body.lt\/lt\/wp-json\/wp\/v2\/product_cat?post=2961"},{"taxonomy":"product_tag","embeddable":true,"href":"https:\/\/balanced-body.lt\/lt\/wp-json\/wp\/v2\/product_tag?post=2961"}],"curies":[{"name":"wp","href":"https:\/\/api.w.org\/{rel}","templated":true}]}}