{"id":2901,"date":"2025-08-29T10:52:39","date_gmt":"2025-08-29T10:52:39","guid":{"rendered":"https:\/\/balanced-body.lt\/product\/contrology-wire-contoured-handles\/"},"modified":"2026-03-12T12:45:25","modified_gmt":"2026-03-12T12:45:25","slug":"contrology-wire-contoured-handles","status":"publish","type":"product","link":"https:\/\/balanced-body.lt\/lt\/contrology-wire-contoured-handles\/","title":{"rendered":"Contrology Wire Contoured Handles"},"content":{"rendered":"<p>\u201eContrology Handles\u201c \u2013 tai klasikin\u0117s, profiliuotos medin\u0117s rankenos su vielos konstrukcija, \u012fkv\u0117ptos Pilateso klasikos. \u201eBalanced Body Contrology Wire Contoured Handles\u201c atkartoja originalias rankenas, kurias savo studijoje naudojo pats Josephas Pilatesas. Sukurtos ypating\u0105 d\u0117mes\u012f skiriant ergonomikai. Rankena &#8211; tai medinis laikiklis \u201evielos pintin\u0117je\u201c.<\/p>\n<p>Unikali rankena, buvusi itin populiari XX a. viduryje, dabar yra prieinama visiems Pilateso entuziastams. J\u0105 galima s\u0117kmingai naudoti su \u012fvairiais \u201eContrology\u201c \u012frenginiais, tod\u0117l tai itin universalus treniruo\u010di\u0173 \u012frankis. T\u0119sdamos Pilateso palikim\u0105, \u201eContrology Wire Contoured Handles\u201c u\u017etikrina ne tik funkcionalum\u0105, bet ir estetik\u0105 bei komfort\u0105 atliekant pratimus.<\/p>\n<p>I\u0161skirtinis \u201eContrology Wire Contoured Handles\u201c dizainas sujungia tradicijas su \u0161iuolaiki\u0161kumu, praturtindamas treniruo\u010di\u0173 patirt\u012f. \u0160i\u0173 ranken\u0173 d\u0117ka galite pajusti autenti\u0161k\u0105 Pilateso esm\u0119, naudodamiesi \u012franga, kuri primena \u0161io unikalaus treniruo\u010di\u0173 metodo i\u0161takas. Pasinerkite \u012f klasikin\u012f stili\u0173 ir ergonomi\u0161k\u0105 dizain\u0105, sekdami paties Pilateso p\u0117domis ir praturtinkite savo pratimus naudodami visus \u201eContrology\u201c \u012frenginius.<\/p>\n","protected":false},"excerpt":{"rendered":"<p>\u201eContrology Handles\u201c \u2013 tai rankenos, kurias sudaro medinis laikiklis ir vielos konstrukcija, sukurtos pagal Josepho Pilateso stili\u0173. J\u0173 ergonomi\u0161kas dizainas u\u017etikrina komfort\u0105 treniruojantis su \u201eContrology\u201c \u012frenginiais. Jos sujungia tradicijas su \u0161iuolaiki\u0161kumu, u\u017etikrindamos ne tik funkcionalum\u0105, bet ir estetin\u0119 patirt\u012f. \u0160ios klasikin\u0117s rankenos \u2013 tai duokl\u0117 Pilateso palikimui, dabar prieinama visiems entuziastams, norintiems praturtinti savo mank\u0161t\u0105.<\/p>\n<ul>\n<li>Skirtos Pilateso treniruot\u0117ms su \u201eContrology\u201c \u012franga<\/li>\n<li>Konstrukcija tiksliai atkartojanti rankenas, naudotas Pilateso studijose XX a. viduryje<\/li>\n<li>Paprastas montavimas naudojant karabin\u0105<\/li>\n<li>Profiliuotas, ergonomi\u0161kas laikiklis<\/li>\n<li>Patvari metalin\u0117 konstrukcija su mediniu laikikliu<\/li>\n<\/ul>\n","protected":false},"featured_media":2902,"template":"","meta":{"_acf_changed":false,"_kad_post_transparent":"default","_kad_post_title":"","_kad_post_layout":"default","_kad_post_sidebar_id":"","_kad_post_content_style":"default","_kad_post_vertical_padding":"default","_kad_post_feature":"","_kad_post_feature_position":"","_kad_post_header":false,"_kad_post_footer":false,"_kad_post_classname":""},"product_brand":[],"product_cat":[188,179],"product_tag":[895,896,897,898],"class_list":{"0":"post-2901","1":"product","2":"type-product","3":"status-publish","4":"has-post-thumbnail","6":"product_cat-contrology-accessories","7":"product_cat-loops-handles-footstraps","8":"product_tag-contrology-handles","9":"product_tag-contrology-wire-contoured-handles","10":"product_tag-pilates-handles","11":"product_tag-wire-contoured-handles","13":"first","14":"instock","15":"sold-individually","16":"shipping-taxable","17":"product-type-simple","18":"entry","19":"content-bg","20":"loop-entry"},"acf":[],"_links":{"self":[{"href":"https:\/\/balanced-body.lt\/lt\/wp-json\/wp\/v2\/product\/2901","targetHints":{"allow":["GET"]}}],"collection":[{"href":"https:\/\/balanced-body.lt\/lt\/wp-json\/wp\/v2\/product"}],"about":[{"href":"https:\/\/balanced-body.lt\/lt\/wp-json\/wp\/v2\/types\/product"}],"wp:featuredmedia":[{"embeddable":true,"href":"https:\/\/balanced-body.lt\/lt\/wp-json\/wp\/v2\/media\/2902"}],"wp:attachment":[{"href":"https:\/\/balanced-body.lt\/lt\/wp-json\/wp\/v2\/media?parent=2901"}],"wp:term":[{"taxonomy":"product_brand","embeddable":true,"href":"https:\/\/balanced-body.lt\/lt\/wp-json\/wp\/v2\/product_brand?post=2901"},{"taxonomy":"product_cat","embeddable":true,"href":"https:\/\/balanced-body.lt\/lt\/wp-json\/wp\/v2\/product_cat?post=2901"},{"taxonomy":"product_tag","embeddable":true,"href":"https:\/\/balanced-body.lt\/lt\/wp-json\/wp\/v2\/product_tag?post=2901"}],"curies":[{"name":"wp","href":"https:\/\/api.w.org\/{rel}","templated":true}]}}