{"id":2774,"date":"2025-08-29T11:07:15","date_gmt":"2025-08-29T11:07:15","guid":{"rendered":"https:\/\/balanced-body.lt\/product\/studio-reformer-revo-xsr-footbar-jumpboard\/"},"modified":"2026-03-16T11:01:53","modified_gmt":"2026-03-16T11:01:53","slug":"studio-reformer-revo-xsr-footbar-jumpboard","status":"publish","type":"product","link":"https:\/\/balanced-body.lt\/lt\/studio-reformer-revo-xsr-footbar-jumpboard\/","title":{"rendered":"Studio Reformer (Revo\/XSR Footbar) Jumpboard"},"content":{"rendered":"<p>Pamink\u0161tinta \u201eBalanced Body\u201c \u0161uoli\u0173 lenta sukurta Pilateso treniruot\u0117ms, naudojant \u201eStudio Reformer\u201c model\u012f su \u201eRevo\/XSR\u201c koj\u0173 atrama. Kieta platformos danga leid\u017eia saugiai atlikti \u0161uolius ir pliometrinius pratimus, tuo pa\u010diu biomechani\u0161kai palaikydama tiksli\u0105 stov\u0117jimo pad\u0117t\u012f gulint ant reformerio. \u0160i \u0161uoli\u0173 lenta yra b\u016btinas priedas kiekvienoje Pilateso studijoje.<\/p>\n<p>Naudojant \u0161uoli\u0173 lent\u0105, galima gerokai i\u0161pl\u0117sti treniruo\u010di\u0173 repertuar\u0105: derinant kardio pratimus su spyruokli\u0173 pasiprie\u0161inimu, sukuriama intensyvi ir dinami\u0161ka Pilateso treniruot\u0117. Tokio tipo u\u017esi\u0117mimai teikia visapusi\u0161k\u0105 naud\u0105: did\u0117ja lankstumas, mobilumas, vikrumas, lavinami refleksai, stiprinama raumen\u0173 i\u0161tverm\u0117, bei s\u0105nariai, rai\u0161\u010diai ir sausgysl\u0117s, kurie tampa elastingesni ir atsparesni traumoms. Be to, ger\u0117ja bendra fizin\u0117 b\u016bkl\u0117 bei did\u0117ja kaul\u0173 tankis.<\/p>\n<p>Pilateso instruktoriai itin vertina \u0161uoli\u0173 lentos universalum\u0105 kurdami naujus bei modifikuotus pratimus, pritaikytus individualiems klient\u0173 tikslams. Reabilitacijos specialistams \u0161i lenta nepakei\u010diama: ji ne tik biomechani\u0161kai palaiko tiksli\u0105 k\u016bno pad\u0117t\u012f gulint, bet ir u\u017etikrina biomechani\u0161kai taisykling\u0105 p\u0117dos pozicij\u0105 pratim\u0173 metu.<\/p>\n","protected":false},"excerpt":{"rendered":"<p>\u0160uoli\u0173 platforma, skirta \u0161okin\u0117ti gulint ant \u201eStudio Reformer\u201c (\u201eRevo\/XSR\u201c koj\u0173 atrama) reformerio. Tai universalus \u012frankis, praple\u010diantis treniruo\u010di\u0173 repertuar\u0105 ir leid\u017eiantis vienu metu stiprinti k\u016bno centr\u0105 bei apatin\u0119 k\u016bno dal\u012f. Kardio treniruot\u0117s ir spyruokli\u0173 pasiprie\u0161inimo derinys daro mank\u0161t\u0105 itin efektyvi\u0105, \u012ftraukian\u010di\u0105 bei tinkam\u0105 \u012fvairaus pasirengimo klientams.<\/p>\n<ul>\n<li>Dinamin\u0117s treniruot\u0117s i\u0161pl\u0117\u010dia reformerio galimybes<\/li>\n<li>Pliometriniai pratimai<\/li>\n<li>Biomechaninis palaikymas, u\u017etikrinantis tiksl\u0173 stov\u0117jimo simuliavim\u0105<\/li>\n<li>Gerina k\u016bno lankstum\u0105, vikrum\u0105 bei judrum\u0105<\/li>\n<li>Kieta, patvari \u0161uoli\u0173 platformos danga<\/li>\n<li>Greitas ir paprastas montavimas ant reformerio r\u0117mo<\/li>\n<li>Matmenys: 533 x 521 mm<\/li>\n<li>Skirta naudoti su \u201eStudio Reformer\u201c (\u201eRevo\/XSR koj\u0173 atrama)<\/li>\n<\/ul>\n","protected":false},"featured_media":2776,"template":"","meta":{"_acf_changed":false,"_kad_post_transparent":"default","_kad_post_title":"","_kad_post_layout":"default","_kad_post_sidebar_id":"","_kad_post_content_style":"default","_kad_post_vertical_padding":"default","_kad_post_feature":"","_kad_post_feature_position":"","_kad_post_header":false,"_kad_post_footer":false,"_kad_post_classname":""},"product_brand":[],"product_cat":[177],"product_tag":[1061,1062],"class_list":{"0":"post-2774","1":"product","2":"type-product","3":"status-publish","4":"has-post-thumbnail","6":"product_cat-jumpboards","7":"product_tag-studio-reformer-revo-xsr-footbar-jumpboard","8":"product_tag-studio-reformer-jumpboard","10":"first","11":"instock","12":"sold-individually","13":"shipping-taxable","14":"product-type-simple","15":"entry","16":"content-bg","17":"loop-entry"},"acf":[],"_links":{"self":[{"href":"https:\/\/balanced-body.lt\/lt\/wp-json\/wp\/v2\/product\/2774","targetHints":{"allow":["GET"]}}],"collection":[{"href":"https:\/\/balanced-body.lt\/lt\/wp-json\/wp\/v2\/product"}],"about":[{"href":"https:\/\/balanced-body.lt\/lt\/wp-json\/wp\/v2\/types\/product"}],"wp:featuredmedia":[{"embeddable":true,"href":"https:\/\/balanced-body.lt\/lt\/wp-json\/wp\/v2\/media\/2776"}],"wp:attachment":[{"href":"https:\/\/balanced-body.lt\/lt\/wp-json\/wp\/v2\/media?parent=2774"}],"wp:term":[{"taxonomy":"product_brand","embeddable":true,"href":"https:\/\/balanced-body.lt\/lt\/wp-json\/wp\/v2\/product_brand?post=2774"},{"taxonomy":"product_cat","embeddable":true,"href":"https:\/\/balanced-body.lt\/lt\/wp-json\/wp\/v2\/product_cat?post=2774"},{"taxonomy":"product_tag","embeddable":true,"href":"https:\/\/balanced-body.lt\/lt\/wp-json\/wp\/v2\/product_tag?post=2774"}],"curies":[{"name":"wp","href":"https:\/\/api.w.org\/{rel}","templated":true}]}}