{"id":2759,"date":"2025-08-29T11:07:50","date_gmt":"2025-08-29T11:07:50","guid":{"rendered":"https:\/\/balanced-body.lt\/product\/studio-reformer-infinity-footbar-jumpboard\/"},"modified":"2026-03-16T10:51:48","modified_gmt":"2026-03-16T10:51:48","slug":"studio-reformer-infinity-footbar-jumpboard","status":"publish","type":"product","link":"https:\/\/balanced-body.lt\/lt\/studio-reformer-infinity-footbar-jumpboard\/","title":{"rendered":"Studio Reformer (Infinity Footbar) Jumpboard"},"content":{"rendered":"<p>\u201eBalanced Body\u201c \u0161uoli\u0173 lenta specialiai sukurta naudoti su \u201eStudio Reformer\u201c (\u201eInfinity Footbar\u201c) sistema. \u0160i pamink\u0161tinta lenta suteikia tvirt\u0105 ir stabil\u0173 pavir\u0161i\u0173 \u0161uoliams bei pliometriniams pratimams. Tokio tipo treniruot\u0117s efektyviai lavina motorinius \u012fg\u016bd\u017eius: greit\u012f, vikrum\u0105, lankstum\u0105, refleksus bei \u0161uolio gali\u0105.<\/p>\n<p>\u0160uoli\u0173 lenta biomechani\u0161kai palaiko tiksli\u0105 stov\u0117jimo pad\u0117t\u012f gulint ant reformerio. Tai teikia naud\u0105 sveikatai: ma\u017eina nugaros skausmus, traum\u0173 rizik\u0105 bei ma\u017eina netaisykling\u0105 ir perteklin\u0119 sm\u016bgin\u0119 apkrov\u0105 raumenims bei s\u0105nariams. D\u0117l \u0161i\u0173 savybi\u0173 lenta vertinama kaip b\u016btinas reformerio priedas profesionalioje studijoje.<\/p>\n<p>Pamink\u0161tintas \u0161uoli\u0173 lentos pavir\u0161ius leid\u017eia i\u0161pl\u0117sti treniruo\u010di\u0173 repertuar\u0105, \u012ftraukiant pratimus tiek k\u016bno centrui, tiek apatinei k\u016bno daliai. Pilateso instruktoriai vertina lentos universalum\u0105 kuriant \u012fvairias mank\u0161tos programas. Reabilitacijoje \u0161uoli\u0173 lenta padeda i\u0161laikyti biomechani\u0161kai taisykling\u0105 p\u0117d\u0173 ir k\u016bno pad\u0117t\u012f, taip apsaugodama kelius nuo papildom\u0173 traum\u0173.<\/p>\n<p>\u0160uoli\u0173 lenta, kurios matmenys 533 x 521 mm, yra prakti\u0161kas ir efektyvus treniruo\u010di\u0173 elementas pla\u010diam naudotoj\u0173 ratui. Tai nepakei\u010diamas \u012frankis vedant pa\u017eengusi\u0173j\u0173 u\u017esi\u0117mimus bet kurioje Pilateso studijoje.<\/p>\n","protected":false},"excerpt":{"rendered":"<p>Universalus \u012frankis \u0161uoli\u0173 treniruot\u0117ms \u2013 tai nepakei\u010diamas priedas reabilitacijai ir motoriniams pratimams. \u0160uoli\u0173 lenta u\u017etikrina puik\u0173 kardio treniruot\u0117s ir reformerio spyruoklinio pasiprie\u0161inimo derin\u012f, leid\u017eiant\u012f efektyviai lavinti ir stiprinti k\u016bno centr\u0105 bei apatin\u0119 k\u016bno dal\u012f.<\/p>\n<ul>\n<li>Leid\u017eia atlikti dinami\u0161kus ir universalius pratimus ant reformerio<\/li>\n<li>Idealiai tinka pliometriniams pratimams<\/li>\n<li>Biomechanin\u0117 atrama u\u017etikrinanti taisykling\u0105 stov\u0117jimo pozicijos simuliavim\u0105<\/li>\n<li>Neslystantis pavir\u0161ius<\/li>\n<li>Kieta, patvari \u0161uoli\u0173 lenta<\/li>\n<li>Greitas ir paprastas montavimas ant reformerio<\/li>\n<li>Matmenys: 533 x 521 mm<\/li>\n<li>Skirta \u201eStudio Reformer\u201c (\u201eInfinity Footbar\u201c)<\/li>\n<\/ul>\n","protected":false},"featured_media":2761,"template":"","meta":{"_acf_changed":false,"_kad_post_transparent":"default","_kad_post_title":"","_kad_post_layout":"default","_kad_post_sidebar_id":"","_kad_post_content_style":"default","_kad_post_vertical_padding":"default","_kad_post_feature":"","_kad_post_feature_position":"","_kad_post_header":false,"_kad_post_footer":false,"_kad_post_classname":""},"product_brand":[],"product_cat":[177],"product_tag":[1018,1069,1062],"class_list":{"0":"post-2759","1":"product","2":"type-product","3":"status-publish","4":"has-post-thumbnail","6":"product_cat-jumpboards","7":"product_tag-balanced-body-jumpboard","8":"product_tag-studio-reformer-infinity-footbar-jumpboard","9":"product_tag-studio-reformer-jumpboard","11":"first","12":"instock","13":"sold-individually","14":"shipping-taxable","15":"product-type-simple","16":"entry","17":"content-bg","18":"loop-entry"},"acf":[],"_links":{"self":[{"href":"https:\/\/balanced-body.lt\/lt\/wp-json\/wp\/v2\/product\/2759","targetHints":{"allow":["GET"]}}],"collection":[{"href":"https:\/\/balanced-body.lt\/lt\/wp-json\/wp\/v2\/product"}],"about":[{"href":"https:\/\/balanced-body.lt\/lt\/wp-json\/wp\/v2\/types\/product"}],"wp:featuredmedia":[{"embeddable":true,"href":"https:\/\/balanced-body.lt\/lt\/wp-json\/wp\/v2\/media\/2761"}],"wp:attachment":[{"href":"https:\/\/balanced-body.lt\/lt\/wp-json\/wp\/v2\/media?parent=2759"}],"wp:term":[{"taxonomy":"product_brand","embeddable":true,"href":"https:\/\/balanced-body.lt\/lt\/wp-json\/wp\/v2\/product_brand?post=2759"},{"taxonomy":"product_cat","embeddable":true,"href":"https:\/\/balanced-body.lt\/lt\/wp-json\/wp\/v2\/product_cat?post=2759"},{"taxonomy":"product_tag","embeddable":true,"href":"https:\/\/balanced-body.lt\/lt\/wp-json\/wp\/v2\/product_tag?post=2759"}],"curies":[{"name":"wp","href":"https:\/\/api.w.org\/{rel}","templated":true}]}}