{"id":2744,"date":"2025-08-29T11:08:34","date_gmt":"2025-08-29T11:08:34","guid":{"rendered":"https:\/\/balanced-body.lt\/product\/studio-reformer-classic-footbar-jumpboard\/"},"modified":"2026-03-16T10:30:21","modified_gmt":"2026-03-16T10:30:21","slug":"studio-reformer-classic-footbar-jumpboard","status":"publish","type":"product","link":"https:\/\/balanced-body.lt\/lt\/studio-reformer-classic-footbar-jumpboard\/","title":{"rendered":"Studio Reformer (Classic Footbar) Jumpboard"},"content":{"rendered":"<p>\u201eBalanced Body\u201c \u012fmon\u0117s \u201eStudio Reformer (\u201eClassic Footbar\u201c) \u0161uoli\u0173 lenta (Jumpboard) \u2013 tai pamink\u0161tinta lenta, skirta dinami\u0161kiems \u0161uoliams ir pliometriniams pratimams ant reformerio. \u0160is tvirtas pavir\u0161ius suteikia b\u016btin\u0105 biomechanin\u0119 atram\u0105, leid\u017eian\u010di\u0105 i\u0161laikyti tiksli\u0105 stov\u0117jimo pad\u0117t\u012f gulint. Tai vienas labiausiai pageidaujam\u0173 reformerio pried\u0173, kurio d\u0117ka galima i\u0161pl\u0117sti treniruo\u010di\u0173 repertuar\u0105 ir papildyti kardio pratimais su spyruokli\u0173 pasiprie\u0161inimu.<\/p>\n<p>\u201eBalanced Body\u201c \u0161uoli\u0173 lenta (Jumpboard) suteikia daugyb\u0119 privalum\u0173: padeda maksimali\u0105 raumen\u0173 j\u0117g\u0105 paversti sprogstam\u0105ja galia, gerina lankstum\u0105, vikrum\u0105, mobilum\u0105 bei refleksus. Treniruot\u0117s stiprina raumen\u0173 i\u0161tverm\u0119, s\u0105narius, rai\u0161\u010dius bei sausgysles, didina bendr\u0105 fizin\u012f paj\u0117gum\u0105 ir kaul\u0173 stiprum\u0105.<\/p>\n<p>Pilateso instruktoriai naudoja Jumpboard kurdami \u012fvairius pratimus, pritaikytus individualiems klient\u0173 tikslams. Reabilitacijoje \u0161i lenta padeda i\u0161laikyti biomechani\u0161kai tikslias stov\u0117jimo pad\u0117tis gulint ant reformerio ir u\u017etikrina taisykling\u0105 p\u0117d\u0173 pozicij\u0105 atliekant pratimus.<\/p>\n<p>\u0160uoli\u0173 lent\u0105, kurios matmenys 533 x 521 mm, yra labai paprasta naudoti. Ji pakelia Pilateso treniruotes \u012f nauj\u0105 lyg\u012f, leid\u017eiant \u012ftraukti kardio elementus bei i\u0161laikant tikslum\u0105 ir kontrol\u0119. Tai ypa\u010d naudinga klientams, turintiems s\u0105nari\u0173 traum\u0173 \u2013 \u0161i veikla ne tik saugi, bet ir labai dinami\u0161ka.<\/p>\n","protected":false},"excerpt":{"rendered":"<p>\u0160uoli\u0173 lenta (Jumpboard), skirta dinami\u0161koms treniruot\u0117ms ant reformerio. \u0160is kompakti\u0161kas priedas Pilateso pratimus papildo intensyviu kardio kr\u016bviu, naudojant spyruokli\u0173 pasiprie\u0161inim\u0105. Tai saugu b\u016bdas atlikti pliometrinius pratimus, tausojant s\u0105narius.<\/p>\n<ul>\n<li>I\u0161pl\u0117stos treniruot\u0117s galimyb\u0117s ant reformerio<\/li>\n<li>Dinaminiai pliometriniai pratimai<\/li>\n<li>Biomechanin\u0117 atrama u\u017etikrinanti taisykling\u0105 p\u0117dos pad\u0117t\u012f ir formuojanti sveik\u0105 laikysen\u0105<\/li>\n<li>Stiprina raumenis<\/li>\n<li>Tvirta, patvari ir stabili konstrukcija<\/li>\n<li>Greitas ir paprastas montavimas<\/li>\n<li>Matmenys: 533 x 521 mm<\/li>\n<li>Skirta: \u201eStudio Reformer\u201c (\u201eClassic Footbar\u201c)<\/li>\n<\/ul>\n","protected":false},"featured_media":2746,"template":"","meta":{"_acf_changed":false,"_kad_post_transparent":"default","_kad_post_title":"","_kad_post_layout":"default","_kad_post_sidebar_id":"","_kad_post_content_style":"default","_kad_post_vertical_padding":"default","_kad_post_feature":"","_kad_post_feature_position":"","_kad_post_header":false,"_kad_post_footer":false,"_kad_post_classname":""},"product_brand":[],"product_cat":[177],"product_tag":[814,1075,1062],"class_list":{"0":"post-2744","1":"product","2":"type-product","3":"status-publish","4":"has-post-thumbnail","6":"product_cat-jumpboards","7":"product_tag-pilates-jumpboard","8":"product_tag-studio-reformer-classic-footbar-jumpboard","9":"product_tag-studio-reformer-jumpboard","11":"first","12":"instock","13":"sold-individually","14":"shipping-taxable","15":"product-type-simple","16":"entry","17":"content-bg","18":"loop-entry"},"acf":[],"_links":{"self":[{"href":"https:\/\/balanced-body.lt\/lt\/wp-json\/wp\/v2\/product\/2744","targetHints":{"allow":["GET"]}}],"collection":[{"href":"https:\/\/balanced-body.lt\/lt\/wp-json\/wp\/v2\/product"}],"about":[{"href":"https:\/\/balanced-body.lt\/lt\/wp-json\/wp\/v2\/types\/product"}],"wp:featuredmedia":[{"embeddable":true,"href":"https:\/\/balanced-body.lt\/lt\/wp-json\/wp\/v2\/media\/2746"}],"wp:attachment":[{"href":"https:\/\/balanced-body.lt\/lt\/wp-json\/wp\/v2\/media?parent=2744"}],"wp:term":[{"taxonomy":"product_brand","embeddable":true,"href":"https:\/\/balanced-body.lt\/lt\/wp-json\/wp\/v2\/product_brand?post=2744"},{"taxonomy":"product_cat","embeddable":true,"href":"https:\/\/balanced-body.lt\/lt\/wp-json\/wp\/v2\/product_cat?post=2744"},{"taxonomy":"product_tag","embeddable":true,"href":"https:\/\/balanced-body.lt\/lt\/wp-json\/wp\/v2\/product_tag?post=2744"}],"curies":[{"name":"wp","href":"https:\/\/api.w.org\/{rel}","templated":true}]}}