{"id":2729,"date":"2025-08-29T11:09:03","date_gmt":"2025-08-29T11:09:03","guid":{"rendered":"https:\/\/balanced-body.lt\/product\/rialto-reformer-jumpboard\/"},"modified":"2026-03-16T10:26:51","modified_gmt":"2026-03-16T10:26:51","slug":"rialto-reformer-jumpboard","status":"publish","type":"product","link":"https:\/\/balanced-body.lt\/lt\/rialto-reformer-jumpboard\/","title":{"rendered":"Rialto Reformer Jumpboard"},"content":{"rendered":"<p>\u201eBalanced Body\u201c \u0161uoli\u0173 lenta, skirta \u201eRialto Reformer\u201c treniruokliui, yra tvirta platforma, sukurta universaliam treniruo\u010di\u0173 pritaikymui. Pamink\u0161tinta lenta suteikia stabil\u0173 pavir\u0161i\u0173 \u0161uoliams ir pliometriniams pratimams, tod\u0117l idealiai tinka intensyviai mank\u0161tai. Ant \u0161ios lentos atliekami pliometriniai pratimai yra greiti, dinami\u0161ki ir orientuoti \u012f maksimalius rezultatus, kartu stiprinant raumenis, rai\u0161\u010dius ir sausgysles.<\/p>\n<p>Be to, \u0161i lenta gali b\u016bti naudojama reabilitacijai pagal kineziterapeuto ar gydytojo rekomendacijas. Jos pamink\u0161tintas pavir\u0161ius biomechani\u0161kai palaiko taisykling\u0105 k\u016bno pad\u0117t\u012f gulint ant reformerio. Tai itin svarbu tiek saugiai mank\u0161tai, tiek apatini\u0173 gal\u016bni\u0173 gijimo procesui.<\/p>\n<p>Pilateso instruktoriai vertina \u0161ios lentos universalum\u0105, ypa\u010d kurdami naujus pratimus ir pritaikydami esamus pagal individualius klient\u0173 tikslus. Tai pripa\u017eintas \u012frankis ir da\u017enai laikomas tiesiog b\u016btinu reformerio priedu.<\/p>\n<p>\u201eRialto\u201c \u0161uoli\u0173 lentos matmenys yra 803 cm x 51 cm, tod\u0117l tai ideali platforma patogiam ir efektyviam darbui. Lenta puikiai derina kardio treniruotes su spyruokli\u0173 pasiprie\u0161inimu, padeda stiprinti ir lavinti tiek k\u016bno centr\u0105, tiek apatin\u0119 k\u016bno dal\u012f.<\/p>\n","protected":false},"excerpt":{"rendered":"<p>Universali platforma \u0161uoliams gulint ant reformerio. \u0160is priedas leid\u017eia \u017eymiai modifikuoti ir i\u0161pl\u0117sti Pilateso treniruotes. Kardio treniruo\u010di\u0173 derinys su spyruokli\u0173 pasiprie\u0161inimu u\u017etikrina optimal\u0173 sportin\u012f ir bendr\u0105 fizin\u012f pasirengim\u0105.<\/p>\n<ul>\n<li>Leid\u017eia atlikti universalias ir dinami\u0161kas treniruotes ant reformerio<\/li>\n<li>Patvari, stabili ir saugi naudoti platforma<\/li>\n<li>Biomechanin\u0117 atrama taisyklingai stov\u0117senai<\/li>\n<li>Padeda didinti j\u0117g\u0105, i\u0161tverm\u0119 ir gerinti fizin\u0119 b\u016bkl\u0119<\/li>\n<li>Tvirta platforma \u0161uoliams ir pliometriniams pratimams<\/li>\n<li>Lengvas montavimas naudojant rankenas<\/li>\n<li>Sukurta: \u201eRialto Reformer\u201c<\/li>\n<\/ul>\n","protected":false},"featured_media":2731,"template":"","meta":{"_acf_changed":false,"_kad_post_transparent":"default","_kad_post_title":"","_kad_post_layout":"default","_kad_post_sidebar_id":"","_kad_post_content_style":"default","_kad_post_vertical_padding":"default","_kad_post_feature":"","_kad_post_feature_position":"","_kad_post_header":false,"_kad_post_footer":false,"_kad_post_classname":""},"product_brand":[],"product_cat":[177],"product_tag":[813,748,1081],"class_list":{"0":"post-2729","1":"product","2":"type-product","3":"status-publish","4":"has-post-thumbnail","6":"product_cat-jumpboards","7":"product_tag-jumpboard","8":"product_tag-rialto-reformer","9":"product_tag-rialto-reformer-jumpboard","11":"first","12":"instock","13":"sold-individually","14":"shipping-taxable","15":"product-type-simple","16":"entry","17":"content-bg","18":"loop-entry"},"acf":[],"_links":{"self":[{"href":"https:\/\/balanced-body.lt\/lt\/wp-json\/wp\/v2\/product\/2729","targetHints":{"allow":["GET"]}}],"collection":[{"href":"https:\/\/balanced-body.lt\/lt\/wp-json\/wp\/v2\/product"}],"about":[{"href":"https:\/\/balanced-body.lt\/lt\/wp-json\/wp\/v2\/types\/product"}],"wp:featuredmedia":[{"embeddable":true,"href":"https:\/\/balanced-body.lt\/lt\/wp-json\/wp\/v2\/media\/2731"}],"wp:attachment":[{"href":"https:\/\/balanced-body.lt\/lt\/wp-json\/wp\/v2\/media?parent=2729"}],"wp:term":[{"taxonomy":"product_brand","embeddable":true,"href":"https:\/\/balanced-body.lt\/lt\/wp-json\/wp\/v2\/product_brand?post=2729"},{"taxonomy":"product_cat","embeddable":true,"href":"https:\/\/balanced-body.lt\/lt\/wp-json\/wp\/v2\/product_cat?post=2729"},{"taxonomy":"product_tag","embeddable":true,"href":"https:\/\/balanced-body.lt\/lt\/wp-json\/wp\/v2\/product_tag?post=2729"}],"curies":[{"name":"wp","href":"https:\/\/api.w.org\/{rel}","templated":true}]}}