{"id":2716,"date":"2025-08-29T11:09:38","date_gmt":"2025-08-29T11:09:38","guid":{"rendered":"https:\/\/balanced-body.lt\/product\/centerline-reformer-jumpboard\/"},"modified":"2026-03-16T10:12:11","modified_gmt":"2026-03-16T10:12:11","slug":"centerline-reformer-jumpboard","status":"publish","type":"product","link":"https:\/\/balanced-body.lt\/lt\/centerline-reformer-jumpboard\/","title":{"rendered":"CenterLine Reformer Jumpboard"},"content":{"rendered":"<p>\u201eBalanced Body CenterLine Jumpboard\u201c yra pamink\u0161tinta \u0161uoli\u0173 lenta, sukurta specialiai \u201eCenterLine Reformer\u201c treniruokliui. Ji suteikia tvirt\u0105 ir stabili\u0105 atram\u0105 dinami\u0161kiems \u0161uoli\u0173 pratimams gulimoje pad\u0117tyje bei intensyviam pliometriniam treniravimuisi. \u0160uoli\u0173 treniruot\u0117s naudojant \u0161i\u0105 lent\u0105 suderina spyruokli\u0173 pasiprie\u0161inim\u0105 ir stabil\u0173 pavir\u0161i\u0173, taip \u017eenkliai tobulinant \u0161uoli\u0173 technik\u0105, gerinant koordinacij\u0105, raumen\u0173 j\u0117g\u0105 ir bendr\u0105 fizin\u012f pasirengim\u0105.<\/p>\n<p>\u201eCenterLine Jumpboard\u201c yra b\u016btinas reformerio pl\u0117tinys, leid\u017eiantis i\u0161pl\u0117sti treniruo\u010di\u0173 repertuar\u0105 ir derinti kardio pratimus su j\u0117gos treniruot\u0117mis. \u0160i lenta ne tik u\u017etikrina patikim\u0105 atram\u0105, bet ir biomechani\u0161kai palaiko taisykling\u0105 k\u016bno pad\u0117t\u012f. Suteikiamas stabilumas ir komfortas leid\u017eia naudotojui sutelkti d\u0117mes\u012f tiksliam pratim\u0173 atlikimui bei maksimaliam treniruot\u0117s efektyvumui.<\/p>\n<p>Pilateso instruktoriai vertina \u0161io produkto universalum\u0105 \u2013 jis leid\u017eia kurti naujas pratim\u0173 variacijas arba modifikuoti esamas, pritaikant jas individualiems tikslams. \u201eBalanced Body Jumpboard\u201c padeda stiprinti raumenis u\u017etikrinant taisykling\u0105 k\u016bno mechanik\u0105. Tai leid\u017eia naudotojams i\u0161laikyti teising\u0105 laikysen\u0105, kuri yra itin svarbi tinkamam s\u0105nari\u0173 i\u0161sid\u0117stymui ir traum\u0173 prevencijai.<\/p>\n<p>\u201eBalanced Body CenterLine Jumpboard\u201c \u2013 tai ne tik patogus \u012frankis \u0161uoliams ir pliometriniams pratimams, bet ir tvirta atrama tiksliam pratim\u0173 atlikimui ant \u201eCenterLine Reformer\u201c. Naudojant \u0161i\u0105 lent\u0105, \u0161uoli\u0173 treniruot\u0117s tampa veiksminga ir saugia Pilateso programos dalimi, padedan\u010dia tobulinti j\u0117g\u0105, koordinacij\u0105 ir bendr\u0105 fizin\u0119 b\u016bkl\u0119.<\/p>\n","protected":false},"excerpt":{"rendered":"<p>Tvirtas priedas su neslystan\u010diu pavir\u0161iumi, skirtas dinami\u0161koms \u0161uoli\u0173 treniruot\u0117ms ant \u201eBalanced Body\u201c reformerio. \u0160is kompakti\u0161kas, ta\u010diau itin funkcionalus \u012frankis \u017eymiai i\u0161ple\u010dia reformerio galimybes: efektyviai stiprina raumenis, gerina i\u0161tverm\u0119, bei bendr\u0105 fizin\u0119 b\u016bkl\u0119.<\/p>\n<ul>\n<li>Dinami\u0161kos treniruot\u0117s; suteikia galimyb\u0119 pa\u012fvairinti u\u017esi\u0117mimus ant reformerio<\/li>\n<li>Tvirta lenta su neslystan\u010diu pavir\u0161iumi<\/li>\n<li>Leid\u017eia atlikti pliometrinius pratimus<\/li>\n<li>Padeda stiprinti s\u0105narius bei kaul\u0173 tank\u012f<\/li>\n<li>U\u017etikrina taisykling\u0105 atram\u0105 ir padeda i\u0161laikyti tinkam\u0105 p\u0117d\u0173 bei k\u016bno a\u0161ies laikysen\u0105 kiekvieno \u0161uolio metu<\/li>\n<li>Lengvas ir greitas montavimas<\/li>\n<li>Matmenys: 53,3 cm x 52,1 cm<\/li>\n<li>Skirta: \u201eCenterLine Reformer\u201c<\/li>\n<\/ul>\n","protected":false},"featured_media":2717,"template":"","meta":{"_acf_changed":false,"_kad_post_transparent":"default","_kad_post_title":"","_kad_post_layout":"default","_kad_post_sidebar_id":"","_kad_post_content_style":"default","_kad_post_vertical_padding":"default","_kad_post_feature":"","_kad_post_feature_position":"","_kad_post_header":false,"_kad_post_footer":false,"_kad_post_classname":""},"product_brand":[],"product_cat":[177],"product_tag":[308,719,1087],"class_list":{"0":"post-2716","1":"product","2":"type-product","3":"status-publish","4":"has-post-thumbnail","6":"product_cat-jumpboards","7":"product_tag-balanced-body","8":"product_tag-centerline-reformer","9":"product_tag-centerline-reformer-jumpboard","11":"first","12":"instock","13":"sold-individually","14":"shipping-taxable","15":"product-type-simple","16":"entry","17":"content-bg","18":"loop-entry"},"acf":[],"_links":{"self":[{"href":"https:\/\/balanced-body.lt\/lt\/wp-json\/wp\/v2\/product\/2716","targetHints":{"allow":["GET"]}}],"collection":[{"href":"https:\/\/balanced-body.lt\/lt\/wp-json\/wp\/v2\/product"}],"about":[{"href":"https:\/\/balanced-body.lt\/lt\/wp-json\/wp\/v2\/types\/product"}],"wp:featuredmedia":[{"embeddable":true,"href":"https:\/\/balanced-body.lt\/lt\/wp-json\/wp\/v2\/media\/2717"}],"wp:attachment":[{"href":"https:\/\/balanced-body.lt\/lt\/wp-json\/wp\/v2\/media?parent=2716"}],"wp:term":[{"taxonomy":"product_brand","embeddable":true,"href":"https:\/\/balanced-body.lt\/lt\/wp-json\/wp\/v2\/product_brand?post=2716"},{"taxonomy":"product_cat","embeddable":true,"href":"https:\/\/balanced-body.lt\/lt\/wp-json\/wp\/v2\/product_cat?post=2716"},{"taxonomy":"product_tag","embeddable":true,"href":"https:\/\/balanced-body.lt\/lt\/wp-json\/wp\/v2\/product_tag?post=2716"}],"curies":[{"name":"wp","href":"https:\/\/api.w.org\/{rel}","templated":true}]}}