{"id":2671,"date":"2025-08-29T11:11:27","date_gmt":"2025-08-29T11:11:27","guid":{"rendered":"https:\/\/balanced-body.lt\/product\/rialto-standing-platform-extender\/"},"modified":"2026-03-16T11:43:25","modified_gmt":"2026-03-16T11:43:25","slug":"rialto-standing-platform-extender","status":"publish","type":"product","link":"https:\/\/balanced-body.lt\/lt\/rialto-platform-extender\/","title":{"rendered":"Rialto Reformer Platform Extender"},"content":{"rendered":"<p>\u201eRialto Platform Extender\u201c \u2013 tai papildoma platforma, skirta naudoti su \u201eRialto Reformer\u201c treniruokliu. Ji padidina integruotos platformos pavir\u0161iaus plot\u0105, atveria naujas treniruo\u010di\u0173 galimybes ir gali i\u0161 esm\u0117s pakeisti reformerio naudojimo b\u016bd\u0105 bei darb\u0105 su klientais. Dvigubas standartin\u0117s platformos plotis ir gylis padidina treniruoklio funkcionalum\u0105 ir suteikia treniruot\u0117ms \u012fvairov\u0117s. Didesnis pavir\u0161ius ir neslystanti danga ne tik leid\u017eia i\u0161bandyti naujus pratimus, bet ir u\u017etikrina saugesn\u0119 pad\u0117t\u012f bei geresn\u0119 atram\u0105 tiems, kuriems labiausiai to reikia (ypa\u010d vyresnio am\u017eiaus \u017emon\u0117ms). Taip pat tai suteikia i\u0161skirtin\u012f patogum\u0105 naudotojams, turintiems didesnes p\u0117das.<\/p>\n<p>\u201ePlatform Extender\u201c priedas leid\u017eia atlikti daugiau pratim\u0173 stovint, kl\u016bpant ir gulint, u\u017etikrindamas puiki\u0105 atram\u0105 kojoms ir dilbiams. Prie platformos pridedama specialiai sukurtas kilim\u0117lis, dengiantis vis\u0105 i\u0161pl\u0117stos platformos pavir\u0161i\u0173. \u0160is kilim\u0117lis suteikia papildom\u0105 komfort\u0105 ir suvienodina i\u0161pl\u0117stos platformos auk\u0161t\u012f su ve\u017eim\u0117lio auk\u0161\u010diu.<\/p>\n<p>\u0160is priedas sukuria didel\u012f ir stabil\u0173 pavir\u0161i\u0173 visai p\u0117dai atliekant tokius pratimus kaip \u201etiltelis\u201c, prit\u016bpimai ar \u012ft\u016bpsai, taip suteikiant pla\u010dias galimybes koj\u0173 stiprinimui. Jis taip pat u\u017etikrina visapusi\u0161k\u0105 dilbi\u0173 atram\u0105 atliekant \u201elentos\u201c (plank) pozicij\u0105 ar pratimus kl\u016bpant.<\/p>\n<p>\u201ePlatform Extender\u201c montavimas n\u0117ra sud\u0117tingas &#8211; tiesiog \u012fstatykite pried\u0105 \u012f viet\u0105. Platformos naudojimas netrukdo keisti spyruokli\u0173 konfig\u016bracijas ir ji gali b\u016bti naudojama kartu su \u201eJumpboard\u201c \u0161uoli\u0173 lenta.<\/p>\n","protected":false},"excerpt":{"rendered":"<p>\u201eRialto\u201c \u00a0platformos pl\u0117tinys padvigubina standartin\u0117s \u201eRialto Reformer\u201c platformos plot\u012f ir gyl\u012f. Tai suteikia papildom\u0105 komfort\u0105 ir u\u017etikrina saugesn\u0119 atram\u0105, o tai ypa\u010d svarbu vyresnio am\u017eiaus asmenims arba klientams po traum\u0173, kuriems reikalingas maksimalus stabilumas.<\/p>\n<ul>\n<li>Skirtas \u201eRialto Reformer\u201c treniruokliui<\/li>\n<li>Padidina standartin\u0117s platformos pavir\u0161iaus plot\u0105<\/li>\n<li>Saugi, neslystanti danga<\/li>\n<li>Komplekte yra patogus kilim\u0117lis, kuris suvienodina platformos ir ve\u017eim\u0117lio auk\u0161t\u012f<\/li>\n<li>Leid\u017eia vienu metu naudoti platform\u0105 ir \u0161uoli\u0173 lent\u0105, netrukdo spyruokli\u0173 konfig\u016bracijai<\/li>\n<li>Lengvas ir greitas montavimas<\/li>\n<li>Suteikia papildom\u0173 galimybi\u0173 pratimams stovint, kl\u016bpant ir gulint<\/li>\n<li>Matmenys: 69 x 16 cm<\/li>\n<\/ul>\n","protected":false},"featured_media":2672,"template":"","meta":{"_acf_changed":false,"_kad_post_transparent":"default","_kad_post_title":"","_kad_post_layout":"default","_kad_post_sidebar_id":"","_kad_post_content_style":"default","_kad_post_vertical_padding":"default","_kad_post_feature":"","_kad_post_feature_position":"","_kad_post_header":false,"_kad_post_footer":false,"_kad_post_classname":""},"product_brand":[],"product_cat":[183],"product_tag":[1517],"class_list":{"0":"post-2671","1":"product","2":"type-product","3":"status-publish","4":"has-post-thumbnail","6":"product_cat-standing-platform-extenders","7":"product_tag-rialto-reformer-platform-extender","9":"first","10":"instock","11":"sold-individually","12":"shipping-taxable","13":"product-type-simple","14":"entry","15":"content-bg","16":"loop-entry"},"acf":[],"_links":{"self":[{"href":"https:\/\/balanced-body.lt\/lt\/wp-json\/wp\/v2\/product\/2671","targetHints":{"allow":["GET"]}}],"collection":[{"href":"https:\/\/balanced-body.lt\/lt\/wp-json\/wp\/v2\/product"}],"about":[{"href":"https:\/\/balanced-body.lt\/lt\/wp-json\/wp\/v2\/types\/product"}],"wp:featuredmedia":[{"embeddable":true,"href":"https:\/\/balanced-body.lt\/lt\/wp-json\/wp\/v2\/media\/2672"}],"wp:attachment":[{"href":"https:\/\/balanced-body.lt\/lt\/wp-json\/wp\/v2\/media?parent=2671"}],"wp:term":[{"taxonomy":"product_brand","embeddable":true,"href":"https:\/\/balanced-body.lt\/lt\/wp-json\/wp\/v2\/product_brand?post=2671"},{"taxonomy":"product_cat","embeddable":true,"href":"https:\/\/balanced-body.lt\/lt\/wp-json\/wp\/v2\/product_cat?post=2671"},{"taxonomy":"product_tag","embeddable":true,"href":"https:\/\/balanced-body.lt\/lt\/wp-json\/wp\/v2\/product_tag?post=2671"}],"curies":[{"name":"wp","href":"https:\/\/api.w.org\/{rel}","templated":true}]}}