{"id":2621,"date":"2025-08-29T11:14:03","date_gmt":"2025-08-29T11:14:03","guid":{"rendered":"https:\/\/balanced-body.lt\/product\/rialto-reformer-plank-bars\/"},"modified":"2026-03-16T13:18:31","modified_gmt":"2026-03-16T13:18:31","slug":"rialto-reformer-plank-bars","status":"publish","type":"product","link":"https:\/\/balanced-body.lt\/lt\/rialto-reformer-plank-bars\/","title":{"rendered":"Rialto Reformer Plank Bars"},"content":{"rendered":"<p>\u201ePlank Bars\u201c suteikia naujas treniruo\u010di\u0173 galimybes atliekant pratimus, kuriems reikalinga rank\u0173 atrama, ypa\u010d \u012fvairioms \u201eplank\u201c (lentos) variacijoms. \u0160ios, specialiai \u201eRialto Reformers\u201c treniruokliams sukurtos atramos, si\u016blo net 8 skirtingas pad\u0117tis \u2013 \u017eem\u0105, auk\u0161t\u0105, pla\u010di\u0105 ir siaur\u0105 \u2013 ir leid\u017eia pasirinkti \u012fvairias k\u016bno pozicijas, priklausomai nuo to, kaip rankenos pritvirtintos prie treniruoklio.<\/p>\n<p>Ranken\u0173 pavir\u0161ius yra \u0161velnus, pamink\u0161tintas ir ergonomi\u0161kas, tod\u0117l mank\u0161tos metu u\u017etikrina maksimal\u0173 komfort\u0105. Naudojant \u201ePlank Bars\u201c, galima i\u0161laikyti neutrali\u0105 arba \u012f vid\u0173 pasukt\u0105 pe\u010di\u0173 pad\u0117t\u012f bei keisti k\u016bno kamp\u0105. Tai suteikia papildom\u0173 i\u0161\u0161\u016bki\u0173 arba reikiam\u0105 atram\u0105, atsi\u017evelgiant \u012f individualius poreikius ir \u012fg\u016bd\u017eius.<\/p>\n<p>Specialios konstrukcijos d\u0117ka, \u201eRialto Reformer Plank Bars\u201c efektyviai saugo rie\u0161us nuo perkrovos. Atrama turi dvi rankenas \u2013 vir\u0161utin\u0119 ir apatin\u0119 \u2013 kuri\u0173 pad\u0117tys yra optimalios efektyviai ir patogiai mank\u0161tai. \u201eRialto Reformer Plank Bars\u201c yra puikus \u201eRialto Reformers\u201c priedas, suteikiantis dar daugiau universalumo J\u016bs\u0173 treniruot\u0117ms.<\/p>\n","protected":false},"excerpt":{"rendered":"<p>\u201eRialto Reformer\u201c atramos su dviem pamink\u0161tintomis rankenomis, esan\u010diomis skirtingame auk\u0161tyje. Jos sukurtos pratimams, kuriems reikalinga rank\u0173 atrama. Atramos patikimai apsaugo rie\u0161us nuo perkrovos. Keli reguliavimo variantai leid\u017eia pritaikyti atramas kiekvienam naudotojui pagal jo individualius poreikius.<\/p>\n<ul>\n<li>I\u0161pl\u0117stos treniruo\u010di\u0173 galimyb\u0117s su \u201eRialto Reformer\u201c<\/li>\n<li>Skirtos pratimams, kuriems reikalinga rank\u0173 atrama ir \u201eplank\u201c (lentos) pozicijos variacijos<\/li>\n<li>Saugi rank\u0173 atrama ir rie\u0161\u0173 apsauga treniruot\u0117s metu<\/li>\n<li>\u012evairios tvirtinimo galimyb\u0117s ir 8 reguliuojamos pad\u0117tys<\/li>\n<li>Dvi patogios pamink\u0161tintos rankenos (vir\u0161utin\u0117 ir apatin\u0117)<\/li>\n<li>Tinka bet kokio fizinio pasirengimo naudotojams<\/li>\n<\/ul>\n","protected":false},"featured_media":2622,"template":"","meta":{"_acf_changed":false,"_kad_post_transparent":"default","_kad_post_title":"","_kad_post_layout":"default","_kad_post_sidebar_id":"","_kad_post_content_style":"default","_kad_post_vertical_padding":"default","_kad_post_feature":"","_kad_post_feature_position":"","_kad_post_header":false,"_kad_post_footer":false,"_kad_post_classname":""},"product_brand":[],"product_cat":[180],"product_tag":[1151,748,1152],"class_list":{"0":"post-2621","1":"product","2":"type-product","3":"status-publish","4":"has-post-thumbnail","6":"product_cat-plank-bars","7":"product_tag-rialto-plank-bars","8":"product_tag-rialto-reformer","9":"product_tag-rialto-reformer-plank-bars","11":"first","12":"instock","13":"sold-individually","14":"shipping-taxable","15":"product-type-simple","16":"entry","17":"content-bg","18":"loop-entry"},"acf":[],"_links":{"self":[{"href":"https:\/\/balanced-body.lt\/lt\/wp-json\/wp\/v2\/product\/2621","targetHints":{"allow":["GET"]}}],"collection":[{"href":"https:\/\/balanced-body.lt\/lt\/wp-json\/wp\/v2\/product"}],"about":[{"href":"https:\/\/balanced-body.lt\/lt\/wp-json\/wp\/v2\/types\/product"}],"wp:featuredmedia":[{"embeddable":true,"href":"https:\/\/balanced-body.lt\/lt\/wp-json\/wp\/v2\/media\/2622"}],"wp:attachment":[{"href":"https:\/\/balanced-body.lt\/lt\/wp-json\/wp\/v2\/media?parent=2621"}],"wp:term":[{"taxonomy":"product_brand","embeddable":true,"href":"https:\/\/balanced-body.lt\/lt\/wp-json\/wp\/v2\/product_brand?post=2621"},{"taxonomy":"product_cat","embeddable":true,"href":"https:\/\/balanced-body.lt\/lt\/wp-json\/wp\/v2\/product_cat?post=2621"},{"taxonomy":"product_tag","embeddable":true,"href":"https:\/\/balanced-body.lt\/lt\/wp-json\/wp\/v2\/product_tag?post=2621"}],"curies":[{"name":"wp","href":"https:\/\/api.w.org\/{rel}","templated":true}]}}