{"id":2601,"date":"2025-08-29T11:15:01","date_gmt":"2025-08-29T11:15:01","guid":{"rendered":"https:\/\/balanced-body.lt\/product\/fuzzies\/"},"modified":"2026-03-18T10:06:59","modified_gmt":"2026-03-18T10:06:59","slug":"fuzzies","status":"publish","type":"product","link":"https:\/\/balanced-body.lt\/lt\/fuzzies\/","title":{"rendered":"Fuzzies"},"content":{"rendered":"<p>\u201eFuzzies\u201c yra i\u0161skirtinis priedas trapecijai (\u201eCadillac\u201c), u\u017etikrinantis neprilygstam\u0105 komfort\u0105 treniruo\u010di\u0173 metu. \u0160ios kilpos yra pagamintos i\u0161 nat\u016bralios, auk\u0161\u010diausios kokyb\u0117s \u0117riuko vilnos. \u201eFuzzies\u201c yra prabangi priemon\u0117 Pilateso praktikai. Tvirta \u201eVelcro\u201c lipni juostel\u0117 u\u017etikrina saug\u0173 ir patikim\u0105 pritvirtinim\u0105. \u0160i\u0173 kilp\u0173 naudojimas pakabos pratim\u0173 metu suteikia i\u0161skirtin\u012f patogum\u0105.<\/p>\n<p>Mink\u0161tos \u0117riuko vilnos kilpos idealiai tinka pakabos pratimams ant trapecijos. I\u0161skirtinis med\u017eiagos storis ir \u0161velnumas suteikia stabili\u0105 atram\u0105 bei neprilygstam\u0105 komfort\u0105, kuris yra ypa\u010d svarbus atliekant inversinius pratimus. Treniruotes galima personalizuoti, pritaikius \u201eFuzzies\u201c prie standartini\u0173 medvilnini\u0173 kilp\u0173 ir p\u0117d\u0173 dir\u017eeli\u0173. \u0116riuko vilnos kilpos yra visi\u0161kai suderinamos su \u012fvairiais priedais, pvz., su odiniais dir\u017eeliais, \u201eLadder Barrel\u201c skersiniais ar dir\u017eeliais su D formos \u017eiedais.<\/p>\n<p>Saugus \u201eVelcro\u201c u\u017esegimas leid\u017eia akimirksniu pritvirtinti arba nuimti \u201eFuzzies\u201c kilpas. Produktas parduodamas poromis, u\u017etikrinant visapusi\u0161k\u0105 funkcionalum\u0105 atliekant simetrinius pratimus. Matmenys (50,8 cm x 15,2 cm) suteikia universal\u0173 palaikym\u0105 tiek pradedantiesiems, tiek pa\u017eengusiems Pilateso entuziastams. \u201eFuzzies\u201c \u2013 tai daugiau nei priedas &#8211; tai esminis elementas tiems, kurie vertina prabang\u0105 ir komfort\u0105 intensyvi\u0173 treniruo\u010di\u0173 ant trapecijos metu.<\/p>\n","protected":false},"excerpt":{"rendered":"<p>I\u0161skirtin\u0117s trapecijos kilpos, pagamintos i\u0161 nat\u016bralios avi\u0173 vilnos, u\u017etikrina nepaprast\u0105 komfort\u0105 treniruo\u010di\u0173 metu. Tvirtas \u201eVelcro\u201c dir\u017eelis garantuoja patikim\u0105 fiksavim\u0105 ir saug\u0173 prigludim\u0105. D\u0117l med\u017eiagos storio ir purumo, \u0161ios kilpos idealiai tinka pakabos pratimams, ypa\u010d atliekant inversinius judesius, nes apsaugo nuo trinties ir spaudimo. Kilpos yra universalios ir lengvai pritaikomos prie \u012fvairi\u0173 \u201eBalanced Body\u201c pried\u0173, pvz., medvilnini\u0173 kilp\u0173, p\u0117d\u0173 dir\u017eeli\u0173, odini\u0173 dir\u017eeli\u0173 ar \u201eLadder Barrel\u201c skersini\u0173.<\/p>\n<ul>\n<li>Kilpos pagamintos i\u0161 nat\u016bralios, mink\u0161tos avi\u0173 vilnos<\/li>\n<li>Rank\u0173 ir p\u0117d\u0173 atrama atliekant trapecijos pratimus<\/li>\n<li>Suderinamos su \u201eCotton Web Straps\u201c, \u201eFoot Straps\u201c, \u201eSingle D-ring Cotton Loops\u201c, \u201eLeather Straps\u201c<\/li>\n<li>Su specialia \u201eVelcro\u201c juostele u\u017etikrinan\u010dia tobul\u0105 prigludim\u0105<\/li>\n<li>Matmenys: 22,9 cm x 15,2 cm<\/li>\n<li>Parduodamos komplekte (2 vienetai)<\/li>\n<\/ul>\n","protected":false},"featured_media":2602,"template":"","meta":{"_acf_changed":false,"_kad_post_transparent":"default","_kad_post_title":"","_kad_post_layout":"default","_kad_post_sidebar_id":"","_kad_post_content_style":"default","_kad_post_vertical_padding":"default","_kad_post_feature":"","_kad_post_feature_position":"","_kad_post_header":false,"_kad_post_footer":false,"_kad_post_classname":""},"product_brand":[],"product_cat":[179],"product_tag":[1273],"class_list":{"0":"post-2601","1":"product","2":"type-product","3":"status-publish","4":"has-post-thumbnail","6":"product_cat-loops-handles-footstraps","7":"product_tag-fuzzies","9":"first","10":"instock","11":"sold-individually","12":"shipping-taxable","13":"product-type-simple","14":"entry","15":"content-bg","16":"loop-entry"},"acf":[],"_links":{"self":[{"href":"https:\/\/balanced-body.lt\/lt\/wp-json\/wp\/v2\/product\/2601","targetHints":{"allow":["GET"]}}],"collection":[{"href":"https:\/\/balanced-body.lt\/lt\/wp-json\/wp\/v2\/product"}],"about":[{"href":"https:\/\/balanced-body.lt\/lt\/wp-json\/wp\/v2\/types\/product"}],"wp:featuredmedia":[{"embeddable":true,"href":"https:\/\/balanced-body.lt\/lt\/wp-json\/wp\/v2\/media\/2602"}],"wp:attachment":[{"href":"https:\/\/balanced-body.lt\/lt\/wp-json\/wp\/v2\/media?parent=2601"}],"wp:term":[{"taxonomy":"product_brand","embeddable":true,"href":"https:\/\/balanced-body.lt\/lt\/wp-json\/wp\/v2\/product_brand?post=2601"},{"taxonomy":"product_cat","embeddable":true,"href":"https:\/\/balanced-body.lt\/lt\/wp-json\/wp\/v2\/product_cat?post=2601"},{"taxonomy":"product_tag","embeddable":true,"href":"https:\/\/balanced-body.lt\/lt\/wp-json\/wp\/v2\/product_tag?post=2601"}],"curies":[{"name":"wp","href":"https:\/\/api.w.org\/{rel}","templated":true}]}}