{"id":2444,"date":"2025-08-30T08:15:49","date_gmt":"2025-08-30T08:15:49","guid":{"rendered":"https:\/\/balanced-body.lt\/product\/rialto-reformer-konnector\/"},"modified":"2026-03-20T13:08:42","modified_gmt":"2026-03-20T13:08:42","slug":"rialto-reformer-konnector","status":"publish","type":"product","link":"https:\/\/balanced-body.lt\/lt\/rialto-reformer-konnector\/","title":{"rendered":"Rialto Reformer Konnector"},"content":{"rendered":"<p>Viktoro Uygano sukurta \u201eKonnector\u201c priemon\u0117 treniruotes ant reformerio pakelia \u012f nauj\u0105, dinami\u0161k\u0105 lyg\u012f. \u0160i vienos virv\u0117s sistema aktyvina vis\u0105 k\u016bn\u0105 \u2013 pakelkite kojas ir akimirksniu tai pajusite rankose! Nuolatinis gr\u012f\u017etamojo ry\u0161io ciklas reikalauja, kad k\u016bnas derint\u0173 centro stabilum\u0105 su gal\u016bni\u0173 judrumu. Keturios kilpos yra pritvirtintos prie vienos virv\u0117s per skriemulius, taip integruojant gal\u016bni\u0173 ir liemens judesius kiekvieno pratimo metu. Paprastas fiksavimo mechanizmas leid\u017eia greitai sugr\u012f\u017eti prie \u012fprastos reformerio funkcijos.<\/p>\n<p>\u0160is produktas patenkina poreik\u012f i\u0161pl\u0117sti pratim\u0173 \u012fvairov\u0119. Vienos virv\u0117s sistema su tvirtinimo ta\u0161kais visoms keturioms gal\u016bn\u0117ms leid\u017eia rankoms ir kojoms jud\u0117ti nepriklausomai, tuo pa\u010diu metu. \u201eKonnector\u201c komplektuojamas su \u201eTri Loops\u201c kilpomis, kurios u\u017etikrina patogi\u0105 rank\u0173 ir p\u0117d\u0173 pad\u0117t\u012f, bei specialiai sukurtais skriemuliais, kurie dar labiau padidina naudotojo komfort\u0105. Patentuotas mechanizmas suteikia nuolatin\u012f proprioceptin\u012f gr\u012f\u017etam\u0105j\u012f ry\u0161\u012f, skatinant\u012f viso k\u016bno integravim\u0105 ir stipresn\u012f gili\u0173j\u0173 raumen\u0173 aktyvavim\u0105.<\/p>\n<p>\u201eKonnector\u201c automati\u0161kai reguliuoja dir\u017e\u0173 \u012ftempim\u0105, tod\u0117l lengva prisitaikyti prie k\u016bno asimetrijos. Tai leid\u017eia atlikti \u012fvairesnius ir labiau dinami\u0161kus pratimus. Taip i\u0161vengiama rutinos, o mank\u0161tai suteikiama naujos energijos. Yra dvi produkto versijos: \u201eRialto Reformer\u201c ir \u201eRialto Reformer\u201c su bok\u0161tu. Suteikiama vieneri\u0173 met\u0173 garantija.<\/p>\n","protected":false},"excerpt":{"rendered":"<p>\u201eRialto Reformer Konnector\u201c i\u0161ple\u010dia reformerio pratim\u0173 galimybes naudojant vienos virv\u0117s sistem\u0105, leid\u017eian\u010di\u0105 rankoms ir kojoms jud\u0117ti nepriklausomai. \u201eKonnector\u201c su \u201eTri Loops\u201c kilpomis, u\u017etikrinan\u010diomis didesn\u012f rank\u0173 ir p\u0117d\u0173 komfort\u0105, bei tyliai veikian\u010diais skriemuliais, suteikia nuolatin\u012f propriocepcin\u012f gr\u012f\u017etam\u0105j\u012f ry\u0161\u012f. Patentuotas mechanizmas palaiko viso k\u016bno integravim\u0105 ir efektyvesn\u012f gili\u0173j\u0173 raumen\u0173 aktyvavim\u0105.<\/p>\n<ul>\n<li>Pilateso pratimams suteikia daugiau \u012fvairov\u0117s<\/li>\n<li>Vienos virv\u0117s sistema su tvirtinimo ta\u0161kais<\/li>\n<li>Keturios \u201eTri Loops\u201c kilpos rankoms ir kojoms<\/li>\n<li>Leid\u017eia rankoms ir kojoms jud\u0117ti nepriklausomai, vienu metu<\/li>\n<li>U\u017etikrina nuolatin\u012f propriocepcin\u012f gr\u012f\u017etam\u0105j\u012f ry\u0161\u012f<\/li>\n<li>Paprastas fiksavimo mechanizmas leid\u017eia greitai gr\u012f\u017eti prie standartin\u0117s reformerio funkcijos<\/li>\n<li>Skirtas: \u201eRialto Reformer\u201c ir \u201eRialto Reformer\u201c su bok\u0161tu<\/li>\n<\/ul>\n","protected":false},"featured_media":8528,"template":"","meta":{"_acf_changed":false,"_kad_post_transparent":"default","_kad_post_title":"","_kad_post_layout":"default","_kad_post_sidebar_id":"","_kad_post_content_style":"default","_kad_post_vertical_padding":"default","_kad_post_feature":"","_kad_post_feature_position":"","_kad_post_header":false,"_kad_post_footer":false,"_kad_post_classname":""},"product_brand":[],"product_cat":[178],"product_tag":[1259,1260],"class_list":{"0":"post-2444","1":"product","2":"type-product","3":"status-publish","4":"has-post-thumbnail","6":"product_cat-konnectors","7":"product_tag-rialto-konnector","8":"product_tag-rialto-reformer-konnector","10":"first","11":"instock","12":"sold-individually","13":"shipping-taxable","14":"product-type-simple","15":"entry","16":"content-bg","17":"loop-entry"},"acf":[],"_links":{"self":[{"href":"https:\/\/balanced-body.lt\/lt\/wp-json\/wp\/v2\/product\/2444","targetHints":{"allow":["GET"]}}],"collection":[{"href":"https:\/\/balanced-body.lt\/lt\/wp-json\/wp\/v2\/product"}],"about":[{"href":"https:\/\/balanced-body.lt\/lt\/wp-json\/wp\/v2\/types\/product"}],"wp:featuredmedia":[{"embeddable":true,"href":"https:\/\/balanced-body.lt\/lt\/wp-json\/wp\/v2\/media\/8528"}],"wp:attachment":[{"href":"https:\/\/balanced-body.lt\/lt\/wp-json\/wp\/v2\/media?parent=2444"}],"wp:term":[{"taxonomy":"product_brand","embeddable":true,"href":"https:\/\/balanced-body.lt\/lt\/wp-json\/wp\/v2\/product_brand?post=2444"},{"taxonomy":"product_cat","embeddable":true,"href":"https:\/\/balanced-body.lt\/lt\/wp-json\/wp\/v2\/product_cat?post=2444"},{"taxonomy":"product_tag","embeddable":true,"href":"https:\/\/balanced-body.lt\/lt\/wp-json\/wp\/v2\/product_tag?post=2444"}],"curies":[{"name":"wp","href":"https:\/\/api.w.org\/{rel}","templated":true}]}}